{"id":19,"date":"2024-11-30T06:33:02","date_gmt":"2024-11-30T06:33:02","guid":{"rendered":"https:\/\/catsnatation.re\/boutiquenatation\/?page_id=19"},"modified":"2026-04-30T14:33:46","modified_gmt":"2026-04-30T14:33:46","slug":"boutique-cats-natation","status":"publish","type":"page","link":"https:\/\/catsnatation.re\/boutiquenatation\/","title":{"rendered":"Club CATS Natation &#8211; Boutique Officielle"},"content":{"rendered":"\t\t<div data-elementor-type=\"wp-page\" data-elementor-id=\"19\" class=\"elementor elementor-19\">\n\t\t\t\t<div class=\"elementor-element elementor-element-81b588b e-flex e-con-boxed e-con e-parent\" data-id=\"81b588b\" data-element_type=\"container\">\n\t\t\t\t\t<div class=\"e-con-inner\">\n\t\t\t\t<div class=\"elementor-element elementor-element-d1cf07d elementor-widget elementor-widget-shortcode\" data-id=\"d1cf07d\" data-element_type=\"widget\" data-widget_type=\"shortcode.default\">\n\t\t\t\t<div class=\"elementor-widget-container\">\n\t\t\t\t\t\t\t<div class=\"elementor-shortcode\"><div class=\"woocommerce columns-4\"><ul class=\"products columns-4\">\n<li class=\"product-category product first\">\n\t<a aria-label=\"Acc\u00e9der \u00e0 la cat\u00e9gorie de produits Aqua-forme-fitness\" href=\"https:\/\/catsnatation.re\/boutiquenatation\/CATS\/aqua-forme-fitness-gym\/\"><img fetchpriority=\"high\" decoding=\"async\" src=\"https:\/\/catsnatation.re\/boutiquenatation\/wp-content\/uploads\/2026\/04\/aquaforme-2026-CATS-300x300.webp\" alt=\"Aqua-forme-fitness\" width=\"300\" height=\"300\" srcset=\"https:\/\/catsnatation.re\/boutiquenatation\/wp-content\/uploads\/2026\/04\/aquaforme-2026-CATS-300x300.webp 300w, https:\/\/catsnatation.re\/boutiquenatation\/wp-content\/uploads\/2026\/04\/aquaforme-2026-CATS-150x150.webp 150w, https:\/\/catsnatation.re\/boutiquenatation\/wp-content\/uploads\/2026\/04\/aquaforme-2026-CATS-100x100.webp 100w, https:\/\/catsnatation.re\/boutiquenatation\/wp-content\/uploads\/2026\/04\/aquaforme-2026-CATS-50x50.webp 50w\" sizes=\"(max-width: 300px) 100vw, 300px\" \/>\t\t<h2 class=\"woocommerce-loop-category__title\">\n\t\t\tAqua-forme-fitness<mark class=\"count\">1 produit<\/mark>\t\t<\/h2>\n\t\t<\/a><\/li>\n<li class=\"product-category product\">\n\t<a aria-label=\"Acc\u00e9der \u00e0 la cat\u00e9gorie de produits Cours de natation \u00e0 Saint-Pierre 97410\" href=\"https:\/\/catsnatation.re\/boutiquenatation\/CATS\/cours-natation-97410\/\"><img decoding=\"async\" src=\"https:\/\/catsnatation.re\/boutiquenatation\/wp-content\/uploads\/2024\/12\/Cours-de-natation-97410-300x300.webp\" alt=\"Cours de natation \u00e0 Saint-Pierre 97410\" width=\"300\" height=\"300\" srcset=\"https:\/\/catsnatation.re\/boutiquenatation\/wp-content\/uploads\/2024\/12\/Cours-de-natation-97410-300x300.webp 300w, https:\/\/catsnatation.re\/boutiquenatation\/wp-content\/uploads\/2024\/12\/Cours-de-natation-97410-150x150.webp 150w, https:\/\/catsnatation.re\/boutiquenatation\/wp-content\/uploads\/2024\/12\/Cours-de-natation-97410-100x100.webp 100w, https:\/\/catsnatation.re\/boutiquenatation\/wp-content\/uploads\/2024\/12\/Cours-de-natation-97410.webp 600w\" sizes=\"(max-width: 300px) 100vw, 300px\" \/>\t\t<h2 class=\"woocommerce-loop-category__title\">\n\t\t\tCours de natation \u00e0 Saint-Pierre 97410<mark class=\"count\">4 produits<\/mark>\t\t<\/h2>\n\t\t<\/a><\/li>\n<li class=\"product-category product\">\n\t<a aria-label=\"Acc\u00e9der \u00e0 la cat\u00e9gorie de produits V\u00eatements &amp; Bonnets Officiels\" href=\"https:\/\/catsnatation.re\/boutiquenatation\/CATS\/vetement-bonnet-officiel-cats-natation\/\"><img decoding=\"async\" src=\"https:\/\/catsnatation.re\/boutiquenatation\/wp-content\/uploads\/2025\/02\/Tshit-et-bonnet-CATS-natation-300x300.webp\" alt=\"V\u00eatements &amp; Bonnets Officiels\" width=\"300\" height=\"300\" srcset=\"https:\/\/catsnatation.re\/boutiquenatation\/wp-content\/uploads\/2025\/02\/Tshit-et-bonnet-CATS-natation-300x300.webp 300w, https:\/\/catsnatation.re\/boutiquenatation\/wp-content\/uploads\/2025\/02\/Tshit-et-bonnet-CATS-natation-150x150.webp 150w, https:\/\/catsnatation.re\/boutiquenatation\/wp-content\/uploads\/2025\/02\/Tshit-et-bonnet-CATS-natation-100x100.webp 100w, https:\/\/catsnatation.re\/boutiquenatation\/wp-content\/uploads\/2025\/02\/Tshit-et-bonnet-CATS-natation-50x50.webp 50w, https:\/\/catsnatation.re\/boutiquenatation\/wp-content\/uploads\/2025\/02\/Tshit-et-bonnet-CATS-natation.webp 600w\" sizes=\"(max-width: 300px) 100vw, 300px\" \/>\t\t<h2 class=\"woocommerce-loop-category__title\">\n\t\t\tV\u00eatements &amp; Bonnets Officiels<mark class=\"count\">2 produits<\/mark>\t\t<\/h2>\n\t\t<\/a><\/li>\n<\/ul>\n<\/div><\/div>\n\t\t\t\t\t\t<\/div>\n\t\t\t\t<\/div>\n\t\t\t\t\t<\/div>\n\t\t\t\t<\/div>\n\t\t<div class=\"elementor-element elementor-element-ce2559e e-flex e-con-boxed e-con e-parent\" data-id=\"ce2559e\" data-element_type=\"container\">\n\t\t\t\t\t<div class=\"e-con-inner\">\n\t\t\t\t<div class=\"elementor-element elementor-element-c19ca7e elementor-widget elementor-widget-text-editor\" data-id=\"c19ca7e\" data-element_type=\"widget\" data-widget_type=\"text-editor.default\">\n\t\t\t\t<div class=\"elementor-widget-container\">\n\t\t\t\t\t\t\t\t\t<div id=\"cats-natation-widget\">\n\n<script src=\"https:\/\/cdn.tailwindcss.com\"><\/script>\n\n<script>\n        tailwind.config = {\n            important: '#cats-natation-widget',\n            prefix: 'cats-',\n            corePlugins: {\n                preflight: false,\n            },\n            theme: {\n                extend: {\n                    colors: {\n                        'cats-blue': '#0066cc',\n                        'cats-light-blue': '#0099ff',\n                        'cats-dark-blue': '#004d99',\n                        'cats-accent': '#ff6600',\n                    },\n                    fontFamily: {\n                        'heading': ['Montserrat', 'sans-serif'],\n                        'body': ['Poppins', 'sans-serif'],\n                    }\n                }\n            }\n        }\n    <\/script>\n\n<style>\n        #cats-natation-widget .swimming-icon {<br \/>\n            animation: cats-widget-swim 8s infinite ease-in-out;<br \/>\n        }<\/p>\n<p>        \/* Il n'est pas n\u00e9cessaire de pr\u00e9fixer les keyframes car ils sont appel\u00e9s par une classe d\u00e9j\u00e0 pr\u00e9fix\u00e9e,<br \/>\n           mais c'est une bonne pratique pour \u00e9viter toute collision. *\/<br \/>\n        @keyframes cats-widget-swim {<br \/>\n            0%, 100% { transform: translateX(0); }<br \/>\n            25% { transform: translateX(-50px); }<br \/>\n            50% { transform: translateX(50px); }<br \/>\n            75% { transform: translateX(-50px); }<br \/>\n        }<br \/>\n    <\/style>\n<div class=\"cats-max-w-4xl cats-mx-auto cats-mt-20 cats-bg-gradient-to-r cats-from-cats-light-blue cats-to-cats-blue cats-rounded-2xl cats-p-8 md:cats-p-12 cats-text-white cats-font-body\">\n<div class=\"cats-flex cats-flex-col md:cats-flex-row cats-items-center\">\n<div class=\"md:cats-w-1\/3 cats-mb-6 md:cats-mb-0 cats-flex cats-justify-center\">\n<div class=\"swimming-icon\"><\/div>\n<\/div>\n<div class=\"md:cats-w-2\/3 md:cats-pl-8\">\n<h2><span style=\"font-size: xx-large;\">Repr\u00e9sentez le CATS Natation avec style !<\/span><\/h2>\n&nbsp;\n<p class=\"cats-mb-4\"><span style=\"font-size: x-large;\">\nNos <strong class=\"cats-font-bold\">t-shirts<\/strong> au logo du club sont disponibles dans toutes les tailles, parfaits pour petits et grands. Que vous soyez \u00e0 l&#8217;entra\u00eenement ou en comp\u00e9tition, ils vous garantissent un look sportif et d\u00e9contract\u00e9\nCompl\u00e9tez votre \u00e9quipement avec notre collection de <strong class=\"cats-font-bold\">bonnets<\/strong> de natation selon la couleur de votre groupe. Chaque couleur repr\u00e9sente une \u00e9quipe <\/span><\/p>\n\n<\/div>\n<\/div>\n<\/div>\n<\/div>\t\t\t\t\t\t\t\t<\/div>\n\t\t\t\t<\/div>\n\t\t\t\t\t<\/div>\n\t\t\t\t<\/div>\n\t\t\t\t<\/div>\n\t\t","protected":false},"excerpt":{"rendered":"<p>Repr\u00e9sentez le CATS Natation avec style ! &nbsp; Nos t-shirts au logo du club sont disponibles dans toutes les tailles, [&hellip;]<\/p>\n","protected":false},"author":1,"featured_media":194,"parent":0,"menu_order":0,"comment_status":"closed","ping_status":"closed","template":"","meta":{"site-sidebar-layout":"no-sidebar","site-content-layout":"","ast-site-content-layout":"full-width-container","site-content-style":"default","site-sidebar-style":"default","ast-global-header-display":"","ast-banner-title-visibility":"","ast-main-header-display":"","ast-hfb-above-header-display":"","ast-hfb-below-header-display":"","ast-hfb-mobile-header-display":"","site-post-title":"","ast-breadcrumbs-content":"","ast-featured-img":"disabled","footer-sml-layout":"","ast-disable-related-posts":"","theme-transparent-header-meta":"","adv-header-id-meta":"","stick-header-meta":"","header-above-stick-meta":"","header-main-stick-meta":"","header-below-stick-meta":"","astra-migrate-meta-layouts":"default","ast-page-background-enabled":"default","ast-page-background-meta":{"desktop":{"background-color":"var(--ast-global-color-4)","background-image":"","background-repeat":"repeat","background-position":"center center","background-size":"auto","background-attachment":"scroll","background-type":"","background-media":"","overlay-type":"","overlay-color":"","overlay-opacity":"","overlay-gradient":""},"tablet":{"background-color":"","background-image":"","background-repeat":"repeat","background-position":"center center","background-size":"auto","background-attachment":"scroll","background-type":"","background-media":"","overlay-type":"","overlay-color":"","overlay-opacity":"","overlay-gradient":""},"mobile":{"background-color":"","background-image":"","background-repeat":"repeat","background-position":"center center","background-size":"auto","background-attachment":"scroll","background-type":"","background-media":"","overlay-type":"","overlay-color":"","overlay-opacity":"","overlay-gradient":""}},"ast-content-background-meta":{"desktop":{"background-color":"var(--ast-global-color-5)","background-image":"","background-repeat":"repeat","background-position":"center center","background-size":"auto","background-attachment":"scroll","background-type":"","background-media":"","overlay-type":"","overlay-color":"","overlay-opacity":"","overlay-gradient":""},"tablet":{"background-color":"var(--ast-global-color-5)","background-image":"","background-repeat":"repeat","background-position":"center center","background-size":"auto","background-attachment":"scroll","background-type":"","background-media":"","overlay-type":"","overlay-color":"","overlay-opacity":"","overlay-gradient":""},"mobile":{"background-color":"var(--ast-global-color-5)","background-image":"","background-repeat":"repeat","background-position":"center center","background-size":"auto","background-attachment":"scroll","background-type":"","background-media":"","overlay-type":"","overlay-color":"","overlay-opacity":"","overlay-gradient":""}},"footnotes":""},"class_list":["post-19","page","type-page","status-publish","has-post-thumbnail","hentry"],"yoast_head":"<!-- This site is optimized with the Yoast SEO plugin v26.7 - https:\/\/yoast.com\/wordpress\/plugins\/seo\/ -->\n<title>Club CATS Natation - Boutique Officielle<\/title>\n<meta name=\"description\" content=\"D\u00e9couvrez la boutique officielle du CATS Natation : v\u00eatements, accessoires et \u00e9quipements pour les passionn\u00e9s de natation.\" \/>\n<meta name=\"robots\" content=\"index, follow, max-snippet:-1, max-image-preview:large, max-video-preview:-1\" \/>\n<link rel=\"canonical\" href=\"https:\/\/catsnatation.re\/boutiquenatation\/\" \/>\n<meta property=\"og:locale\" content=\"fr_FR\" \/>\n<meta property=\"og:type\" content=\"article\" \/>\n<meta property=\"og:title\" content=\"Club CATS Natation - Boutique Officielle\" \/>\n<meta property=\"og:description\" content=\"D\u00e9couvrez la boutique officielle du CATS Natation : v\u00eatements, accessoires et \u00e9quipements pour les passionn\u00e9s de natation.\" \/>\n<meta property=\"og:url\" content=\"https:\/\/catsnatation.re\/boutiquenatation\/\" \/>\n<meta property=\"og:site_name\" content=\"Boutique CATS Natation\" \/>\n<meta property=\"article:publisher\" content=\"https:\/\/www.facebook.com\/catsnatation97410\/\" \/>\n<meta property=\"article:modified_time\" content=\"2026-04-30T14:33:46+00:00\" \/>\n<meta property=\"og:image\" content=\"https:\/\/catsnatation.re\/boutiquenatation\/wp-content\/uploads\/2024\/12\/cropped-Flavicon-CATS-Shop.webp\" \/>\n\t<meta property=\"og:image:width\" content=\"512\" \/>\n\t<meta property=\"og:image:height\" content=\"512\" \/>\n\t<meta property=\"og:image:type\" content=\"image\/webp\" \/>\n<meta name=\"twitter:card\" content=\"summary_large_image\" \/>\n<meta name=\"twitter:label1\" content=\"Dur\u00e9e de lecture estim\u00e9e\" \/>\n\t<meta name=\"twitter:data1\" content=\"1 minute\" \/>\n<script type=\"application\/ld+json\" class=\"yoast-schema-graph\">{\"@context\":\"https:\/\/schema.org\",\"@graph\":[{\"@type\":\"WebPage\",\"@id\":\"https:\/\/catsnatation.re\/boutiquenatation\/\",\"url\":\"https:\/\/catsnatation.re\/boutiquenatation\/\",\"name\":\"Club CATS Natation - Boutique Officielle\",\"isPartOf\":{\"@id\":\"https:\/\/catsnatation.re\/boutiquenatation\/#website\"},\"primaryImageOfPage\":{\"@id\":\"https:\/\/catsnatation.re\/boutiquenatation\/#primaryimage\"},\"image\":{\"@id\":\"https:\/\/catsnatation.re\/boutiquenatation\/#primaryimage\"},\"thumbnailUrl\":\"https:\/\/catsnatation.re\/boutiquenatation\/wp-content\/uploads\/2024\/12\/cropped-Flavicon-CATS-Shop.webp\",\"datePublished\":\"2024-11-30T06:33:02+00:00\",\"dateModified\":\"2026-04-30T14:33:46+00:00\",\"description\":\"D\u00e9couvrez la boutique officielle du CATS Natation : v\u00eatements, accessoires et \u00e9quipements pour les passionn\u00e9s de natation.\",\"breadcrumb\":{\"@id\":\"https:\/\/catsnatation.re\/boutiquenatation\/#breadcrumb\"},\"inLanguage\":\"fr-FR\",\"potentialAction\":[{\"@type\":\"ReadAction\",\"target\":[\"https:\/\/catsnatation.re\/boutiquenatation\/\"]}]},{\"@type\":\"ImageObject\",\"inLanguage\":\"fr-FR\",\"@id\":\"https:\/\/catsnatation.re\/boutiquenatation\/#primaryimage\",\"url\":\"https:\/\/catsnatation.re\/boutiquenatation\/wp-content\/uploads\/2024\/12\/cropped-Flavicon-CATS-Shop.webp\",\"contentUrl\":\"https:\/\/catsnatation.re\/boutiquenatation\/wp-content\/uploads\/2024\/12\/cropped-Flavicon-CATS-Shop.webp\",\"width\":512,\"height\":512,\"caption\":\"Flavicon CATS Shop\"},{\"@type\":\"BreadcrumbList\",\"@id\":\"https:\/\/catsnatation.re\/boutiquenatation\/#breadcrumb\",\"itemListElement\":[{\"@type\":\"ListItem\",\"position\":1,\"name\":\"Store\",\"item\":\"https:\/\/catsnatation.re\/boutiquenatation\/\"},{\"@type\":\"ListItem\",\"position\":2,\"name\":\"Club CATS Natation &#8211; Boutique Officielle\"}]},{\"@type\":\"WebSite\",\"@id\":\"https:\/\/catsnatation.re\/boutiquenatation\/#website\",\"url\":\"https:\/\/catsnatation.re\/boutiquenatation\/\",\"name\":\"Boutique natation du club CATS\",\"description\":\"\",\"publisher\":{\"@id\":\"https:\/\/catsnatation.re\/boutiquenatation\/#organization\"},\"potentialAction\":[{\"@type\":\"SearchAction\",\"target\":{\"@type\":\"EntryPoint\",\"urlTemplate\":\"https:\/\/catsnatation.re\/boutiquenatation\/?s={search_term_string}\"},\"query-input\":{\"@type\":\"PropertyValueSpecification\",\"valueRequired\":true,\"valueName\":\"search_term_string\"}}],\"inLanguage\":\"fr-FR\"},{\"@type\":\"Organization\",\"@id\":\"https:\/\/catsnatation.re\/boutiquenatation\/#organization\",\"name\":\"Cercle Aquatique de Terre Sainte Boutique\",\"url\":\"https:\/\/catsnatation.re\/boutiquenatation\/\",\"logo\":{\"@type\":\"ImageObject\",\"inLanguage\":\"fr-FR\",\"@id\":\"https:\/\/catsnatation.re\/boutiquenatation\/#\/schema\/logo\/image\/\",\"url\":\"https:\/\/catsnatation.re\/boutiquenatation\/wp-content\/uploads\/2024\/12\/Flavicon-CATS-Shop.webp\",\"contentUrl\":\"https:\/\/catsnatation.re\/boutiquenatation\/wp-content\/uploads\/2024\/12\/Flavicon-CATS-Shop.webp\",\"width\":300,\"height\":300,\"caption\":\"Cercle Aquatique de Terre Sainte Boutique\"},\"image\":{\"@id\":\"https:\/\/catsnatation.re\/boutiquenatation\/#\/schema\/logo\/image\/\"},\"sameAs\":[\"https:\/\/www.facebook.com\/catsnatation97410\/\"]}]}<\/script>\n<!-- \/ Yoast SEO plugin. -->","yoast_head_json":{"title":"Club CATS Natation - Boutique Officielle","description":"D\u00e9couvrez la boutique officielle du CATS Natation : v\u00eatements, accessoires et \u00e9quipements pour les passionn\u00e9s de natation.","robots":{"index":"index","follow":"follow","max-snippet":"max-snippet:-1","max-image-preview":"max-image-preview:large","max-video-preview":"max-video-preview:-1"},"canonical":"https:\/\/catsnatation.re\/boutiquenatation\/","og_locale":"fr_FR","og_type":"article","og_title":"Club CATS Natation - Boutique Officielle","og_description":"D\u00e9couvrez la boutique officielle du CATS Natation : v\u00eatements, accessoires et \u00e9quipements pour les passionn\u00e9s de natation.","og_url":"https:\/\/catsnatation.re\/boutiquenatation\/","og_site_name":"Boutique CATS Natation","article_publisher":"https:\/\/www.facebook.com\/catsnatation97410\/","article_modified_time":"2026-04-30T14:33:46+00:00","og_image":[{"width":512,"height":512,"url":"https:\/\/catsnatation.re\/boutiquenatation\/wp-content\/uploads\/2024\/12\/cropped-Flavicon-CATS-Shop.webp","type":"image\/webp"}],"twitter_card":"summary_large_image","twitter_misc":{"Dur\u00e9e de lecture estim\u00e9e":"1 minute"},"schema":{"@context":"https:\/\/schema.org","@graph":[{"@type":"WebPage","@id":"https:\/\/catsnatation.re\/boutiquenatation\/","url":"https:\/\/catsnatation.re\/boutiquenatation\/","name":"Club CATS Natation - Boutique Officielle","isPartOf":{"@id":"https:\/\/catsnatation.re\/boutiquenatation\/#website"},"primaryImageOfPage":{"@id":"https:\/\/catsnatation.re\/boutiquenatation\/#primaryimage"},"image":{"@id":"https:\/\/catsnatation.re\/boutiquenatation\/#primaryimage"},"thumbnailUrl":"https:\/\/catsnatation.re\/boutiquenatation\/wp-content\/uploads\/2024\/12\/cropped-Flavicon-CATS-Shop.webp","datePublished":"2024-11-30T06:33:02+00:00","dateModified":"2026-04-30T14:33:46+00:00","description":"D\u00e9couvrez la boutique officielle du CATS Natation : v\u00eatements, accessoires et \u00e9quipements pour les passionn\u00e9s de natation.","breadcrumb":{"@id":"https:\/\/catsnatation.re\/boutiquenatation\/#breadcrumb"},"inLanguage":"fr-FR","potentialAction":[{"@type":"ReadAction","target":["https:\/\/catsnatation.re\/boutiquenatation\/"]}]},{"@type":"ImageObject","inLanguage":"fr-FR","@id":"https:\/\/catsnatation.re\/boutiquenatation\/#primaryimage","url":"https:\/\/catsnatation.re\/boutiquenatation\/wp-content\/uploads\/2024\/12\/cropped-Flavicon-CATS-Shop.webp","contentUrl":"https:\/\/catsnatation.re\/boutiquenatation\/wp-content\/uploads\/2024\/12\/cropped-Flavicon-CATS-Shop.webp","width":512,"height":512,"caption":"Flavicon CATS Shop"},{"@type":"BreadcrumbList","@id":"https:\/\/catsnatation.re\/boutiquenatation\/#breadcrumb","itemListElement":[{"@type":"ListItem","position":1,"name":"Store","item":"https:\/\/catsnatation.re\/boutiquenatation\/"},{"@type":"ListItem","position":2,"name":"Club CATS Natation &#8211; Boutique Officielle"}]},{"@type":"WebSite","@id":"https:\/\/catsnatation.re\/boutiquenatation\/#website","url":"https:\/\/catsnatation.re\/boutiquenatation\/","name":"Boutique natation du club CATS","description":"","publisher":{"@id":"https:\/\/catsnatation.re\/boutiquenatation\/#organization"},"potentialAction":[{"@type":"SearchAction","target":{"@type":"EntryPoint","urlTemplate":"https:\/\/catsnatation.re\/boutiquenatation\/?s={search_term_string}"},"query-input":{"@type":"PropertyValueSpecification","valueRequired":true,"valueName":"search_term_string"}}],"inLanguage":"fr-FR"},{"@type":"Organization","@id":"https:\/\/catsnatation.re\/boutiquenatation\/#organization","name":"Cercle Aquatique de Terre Sainte Boutique","url":"https:\/\/catsnatation.re\/boutiquenatation\/","logo":{"@type":"ImageObject","inLanguage":"fr-FR","@id":"https:\/\/catsnatation.re\/boutiquenatation\/#\/schema\/logo\/image\/","url":"https:\/\/catsnatation.re\/boutiquenatation\/wp-content\/uploads\/2024\/12\/Flavicon-CATS-Shop.webp","contentUrl":"https:\/\/catsnatation.re\/boutiquenatation\/wp-content\/uploads\/2024\/12\/Flavicon-CATS-Shop.webp","width":300,"height":300,"caption":"Cercle Aquatique de Terre Sainte Boutique"},"image":{"@id":"https:\/\/catsnatation.re\/boutiquenatation\/#\/schema\/logo\/image\/"},"sameAs":["https:\/\/www.facebook.com\/catsnatation97410\/"]}]}},"_links":{"self":[{"href":"https:\/\/catsnatation.re\/boutiquenatation\/wp-json\/wp\/v2\/pages\/19","targetHints":{"allow":["GET"]}}],"collection":[{"href":"https:\/\/catsnatation.re\/boutiquenatation\/wp-json\/wp\/v2\/pages"}],"about":[{"href":"https:\/\/catsnatation.re\/boutiquenatation\/wp-json\/wp\/v2\/types\/page"}],"author":[{"embeddable":true,"href":"https:\/\/catsnatation.re\/boutiquenatation\/wp-json\/wp\/v2\/users\/1"}],"replies":[{"embeddable":true,"href":"https:\/\/catsnatation.re\/boutiquenatation\/wp-json\/wp\/v2\/comments?post=19"}],"version-history":[{"count":34,"href":"https:\/\/catsnatation.re\/boutiquenatation\/wp-json\/wp\/v2\/pages\/19\/revisions"}],"predecessor-version":[{"id":662,"href":"https:\/\/catsnatation.re\/boutiquenatation\/wp-json\/wp\/v2\/pages\/19\/revisions\/662"}],"wp:featuredmedia":[{"embeddable":true,"href":"https:\/\/catsnatation.re\/boutiquenatation\/wp-json\/wp\/v2\/media\/194"}],"wp:attachment":[{"href":"https:\/\/catsnatation.re\/boutiquenatation\/wp-json\/wp\/v2\/media?parent=19"}],"curies":[{"name":"wp","href":"https:\/\/api.w.org\/{rel}","templated":true}]}}