{"id":121,"date":"2024-12-03T12:32:52","date_gmt":"2024-12-03T12:32:52","guid":{"rendered":"https:\/\/catsnatation.re\/boutiquenatation\/?post_type=product&#038;p=121"},"modified":"2025-02-09T14:10:13","modified_gmt":"2025-02-09T14:10:13","slug":"cours-ecole-natation-enfant-97410","status":"publish","type":"product","link":"https:\/\/catsnatation.re\/boutiquenatation\/produit\/cours-ecole-natation-enfant-97410\/","title":{"rendered":"Ecole de natation (enfants) 97410"},"content":{"rendered":"<p>Le club CATS Natation, situ\u00e9 \u00e0 Terre Sainte, Saint-Pierre, propose des cours adapt\u00e9s aux enfants de tous niveaux, du d\u00e9butant au nageur confirm\u00e9. Encadr\u00e9s par des entra\u00eeneurs qualifi\u00e9s et exp\u00e9riment\u00e9s, ces cours garantissent un apprentissage progressif, personnalis\u00e9 et s\u00e9curis\u00e9.<\/p>\n<p>Que ce soit pour apprendre \u00e0 nager, perfectionner une technique ou simplement profiter de l&#8217;eau tout en d\u00e9veloppant des comp\u00e9tences essentielles, le club offre un environnement bienveillant et motivant o\u00f9 chaque enfant progresse \u00e0 son rythme tout en s\u2019amusant.<\/p>\n<p>Organis\u00e9s en petits groupes, les cours assurent un suivi individualis\u00e9 pour maximiser les progr\u00e8s de chaque nageur. CATS Natation se distingue par la qualit\u00e9 de son enseignement et son cadre convivial \u00e0 Saint-Pierre.<\/p>\n<p><a href=\"https:\/\/catsnatation.re\/contact-club-cats-natation\/\" target=\"_blank\" rel=\"noopener\"><strong>Pour plus d\u2019informations, contactez-nous.<\/strong><\/a><\/p>\n<p><script type=\"application\/ld+json\">\n{\n \"@context\": \"https:\/\/schema.org\",\n \"@type\": \"Course\",\n \"name\": \"Ecole de natation 97410 Saint Pierre\",\n \"description\": \"Cours de natation adapt\u00e9s aux enfants souhaitant apprendre \u00e0 nager les 4 nages\",\n \"category\": \"Natation\",\n \"provider\": {\n   \"@type\": \"Organization\",\n   \"name\": \"CATS natation\",\n   \"address\": {\n     \"@type\": \"PostalAddress\",\n     \"streetAddress\": \"Piscine municipale de Terre Sainte\",\n     \"postalCode\": \"97410\",\n     \"addressLocality\": \"Saint Pierre\"\n   }\n },\n \"hasCourseInstance\": {\n   \"@type\": \"CourseInstance\",\n   \"startDate\": \"2024-08-01\",\n   \"endDate\": \"2025-06-30\",\n   \"location\": {\n     \"@type\": \"Place\",\n     \"name\": \"Complexe Aquatique FRANCIS NICOLE\",\n     \"address\": {\n       \"@type\": \"PostalAddress\",\n       \"streetAddress\": \"Piscine municipale de Terre Sainte\",\n       \"postalCode\": \"97410\",\n       \"addressLocality\": \"Saint Pierre\"\n     }\n   },\n   \"courseMode\": \"Onsite\",\n   \"courseSchedule\": {\n     \"@type\": \"Schedule\",\n     \"byDay\": [\n       \"https:\/\/schema.org\/Wednesday\",\n       \"https:\/\/schema.org\/Saturday\"\n     ],\n     \"startTime\": \"10:00\",\n     \"endTime\": \"11:00\",\n     \"repeatFrequency\": \"Weekly\",\n     \"repeatCount\": 40\n   }\n },\n \"audience\": {\n   \"@type\": \"Audience\",\n   \"audienceType\": \"Enfants\",\n   \"suggestedMinAge\": \"6\",\n   \"suggestedMaxAge\": \"12\"\n },\n \"teaches\": [\n   \"Nage libre\",\n   \"Dos crawl\u00e9\",\n   \"Brasse\",\n   \"Papillon\",\n   \"S\u00e9curit\u00e9 aquatique\"\n ],\n \"offers\": {\n   \"@type\": \"Offer\",\n   \"price\": \"230.00\",\n   \"priceCurrency\": \"EUR\",\n   \"category\": \"Cours de natation\",\n   \"availability\": \"https:\/\/schema.org\/InStock\",\n   \"validFrom\": \"2024-08-01\",\n   \"validThrough\": \"2025-06-30\"\n },\n \"aggregateRating\": {\n   \"@type\": \"AggregateRating\",\n   \"ratingValue\": \"5\",\n   \"reviewCount\": \"256\",\n   \"bestRating\": \"5\",\n   \"worstRating\": \"1\"\n }\n}\n<\/script><\/p>\n<p><script type=\"application\/ld+json\">\n{\n  \"@context\": \"https:\/\/schema.org\/\", \n  \"@type\": \"Product\", \n  \"name\": \"Cours ecole de natation enfant\",\n  \"image\": \"https:\/\/catsnatation.re\/boutiquenatation\/produit\/cours-ecole-natation-enfant-97410\/\",\n  \"description\": \"CATS Natation, bas\u00e9 \u00e0 Terre Sainte, Saint-Pierre, offre des cours pour enfants de tous niveaux, du d\u00e9butant au nageur confirm\u00e9. Encadr\u00e9s par des entra\u00eeneurs qualifi\u00e9s, ces cours garantissent un apprentissage progressif et s\u00e9curis\u00e9 dans un cadre motivant.<\/p>\n<p>Objectifs :\n- Apprentissage de la nage.\n- Perfectionnement technique.\n- D\u00e9veloppement des comp\u00e9tences aquatiques essentielles.<\/p>\n<p>Cours organis\u00e9s en petits groupes pour un suivi individualis\u00e9, favorisant une progression adapt\u00e9e et ludique.<\/p>\n<p>**Niveaux de comp\u00e9tition :**\n- Horizons (7-9 ans) : Initiation \u00e0 la comp\u00e9tition de mani\u00e8re ludique.\n- Avenirs (10-11 ans) : D\u00e9veloppement de la discipline et des performances.\n- Benjamins (12-13 ans) : Perfectionnement technique pour des comp\u00e9titions avanc\u00e9es.\n- Juniors \u00c9lites (14-17 ans) : Entra\u00eenement intensif pour atteindre un niveau d\u2019\u00e9lite.<\/p>\n<p>CATS Natation se distingue par son expertise et son environnement convivial \u00e0 Saint-Pierre.\",\n  \"brand\": {\n    \"@type\": \"Brand\",\n    \"name\": \"CATS natation\"\n  },\n  \"sku\": \"001\",\n  \"offers\": {\n    \"@type\": \"Offer\",\n    \"url\": \"https:\/\/catsnatation.re\/boutiquenatation\/produit\/cours-ecole-natation-enfant-97410\/\",\n    \"priceCurrency\": \"EUR\",\n    \"price\": \"215\",\n    \"priceValidUntil\": \"2025-07-31\",\n    \"availability\": \"https:\/\/schema.org\/InStock\",\n    \"itemCondition\": \"https:\/\/schema.org\/NewCondition\"\n  },\n  \"aggregateRating\": {\n    \"@type\": \"AggregateRating\",\n    \"ratingValue\": \"5\",\n    \"bestRating\": \"5\",\n    \"worstRating\": \"1\",\n    \"ratingCount\": \"512\"\n  }\n}\n<\/script><\/p>\n<p style=\"visibility: hidden;\">La natation est une activit\u00e9 aquatique id\u00e9ale pour apprendre \u00e0 nager et se familiariser avec le milieu aquatique. Que ce soit pour les b\u00e9b\u00e9s nageurs, les enfants, les adultes ou les nageurs confirm\u00e9s, il existe des cours de natation adapt\u00e9s \u00e0 chaque niveau. Les \u00e9coles de natation, les piscines municipales, ainsi que les centres aquatiques et complexes nautiques offrent des cr\u00e9neaux vari\u00e9s pendant les p\u00e9riodes scolaires et les vacances scolaires pour permettre \u00e0 chacun de perfectionner sa technique, qu\u2019il s\u2019agisse du crawl, de la brasse, du papillon ou du dos crawl\u00e9.Les ma\u00eetres nageurs sauveteurs et les \u00e9ducateurs sportifs jouent un r\u00f4le cl\u00e9 dans l\u2019apprentissage des techniques de nage. Que ce soit pour vaincre la peur de l\u2019eau et lutter contre l&#8217;aquaphobie, ou pour les enfants qui apprennent \u00e0 nager d\u00e8s leur plus jeune \u00e2ge, les cours sont dispens\u00e9s en toute s\u00e9curit\u00e9. Les \u00e9ducateurs et ma\u00eetres nageurs veillent \u00e0 ce que les nageurs puissent progresser \u00e0 leur rythme, que ce soit lors de cours collectifs ou de le\u00e7ons particuli\u00e8res.Pour les d\u00e9butants, les cours d&#8217;\u00e9veil aquatique, les jardins aquatiques et les s\u00e9ances de familiarisation permettent aux enfants de se sentir \u00e0 l\u2019aise dans l\u2019eau. L&#8217;initiation \u00e0 la flottaison et aux diff\u00e9rentes techniques de nage commence g\u00e9n\u00e9ralement d\u00e8s le plus jeune \u00e2ge, notamment avec des activit\u00e9s ludiques comme les jeux sous-marins, la nage avec palmes ou des exercices de propulsion. Pour les plus jeunes, des \u00e9quipements comme les brassards, les flotteurs ou les ceintures de natation sont utilis\u00e9s pour leur s\u00e9curit\u00e9.Les activit\u00e9s aquatiques sont aussi une excellente mani\u00e8re de se remettre en forme, avec des cours comme l\u2019aquagym, l\u2019aquabike, ou encore l\u2019aqua-fitness, qui sont dispens\u00e9s pendant les vacances, en particulier pour les adultes. En plus de cela, des stages de natation sont organis\u00e9s pendant les petites vacances ou les vacances scolaires pour offrir des cr\u00e9neaux suppl\u00e9mentaires pour les nageurs de tous \u00e2ges.Les piscines de natation, qu&#8217;elles soient chauff\u00e9es ou en eau libre, offrent un cadre id\u00e9al pour s\u2019entra\u00eener, que ce soit pour la natation sportive, les championnats ou m\u00eame des activit\u00e9s ludiques comme le water-polo ou le plongeon. Des comp\u00e9titions, comme les championnats d\u00e9partementaux ou r\u00e9gionaux, permettent aux nageurs passionn\u00e9s de se mesurer aux autres dans diff\u00e9rentes cat\u00e9gories de nage.La p\u00e9dagogie des ma\u00eetres nageurs et \u00e9ducateurs sportifs est ax\u00e9e sur la progression et le respect du rythme de chaque nageur. Ainsi, que ce soit pour le perfectionnement des techniques de nage, comme la brasse ou le papillon, ou pour les cours destin\u00e9s \u00e0 vaincre la peur de l\u2019eau, chacun peut trouver un programme adapt\u00e9. De plus, la natation est une activit\u00e9 qui am\u00e9liore la motricit\u00e9, la respiration et la condition physique g\u00e9n\u00e9rale, offrant ainsi des b\u00e9n\u00e9fices durables pour la sant\u00e9.<\/p>\n","protected":false},"excerpt":{"rendered":"<p>Le club CATS Natation \u00e0 Saint-Pierre propose des cours pour enfants, adapt\u00e9s \u00e0 tous les niveaux et encadr\u00e9s par des instructeurs qualifi\u00e9s.<\/p>\n<p><a href=\"https:\/\/catsnatation.re\/contact-club-cats-natation\/\" target=\"_blank\" rel=\"noopener\"><strong>Contactez-nous pour en savoir plus.<\/strong><\/a><\/p>\n<p>&nbsp;<\/p>\n","protected":false},"featured_media":106,"template":"","meta":{"site-sidebar-layout":"default","site-content-layout":"","ast-site-content-layout":"default","site-content-style":"default","site-sidebar-style":"default","ast-global-header-display":"","ast-banner-title-visibility":"","ast-main-header-display":"","ast-hfb-above-header-display":"","ast-hfb-below-header-display":"","ast-hfb-mobile-header-display":"","site-post-title":"","ast-breadcrumbs-content":"","ast-featured-img":"","footer-sml-layout":"","ast-disable-related-posts":"","theme-transparent-header-meta":"default","adv-header-id-meta":"","stick-header-meta":"","header-above-stick-meta":"","header-main-stick-meta":"","header-below-stick-meta":"","astra-migrate-meta-layouts":"set","ast-page-background-enabled":"default","ast-page-background-meta":{"desktop":{"background-color":"var(--ast-global-color-4)","background-image":"","background-repeat":"repeat","background-position":"center center","background-size":"auto","background-attachment":"scroll","background-type":"","background-media":"","overlay-type":"","overlay-color":"","overlay-opacity":"","overlay-gradient":""},"tablet":{"background-color":"","background-image":"","background-repeat":"repeat","background-position":"center center","background-size":"auto","background-attachment":"scroll","background-type":"","background-media":"","overlay-type":"","overlay-color":"","overlay-opacity":"","overlay-gradient":""},"mobile":{"background-color":"","background-image":"","background-repeat":"repeat","background-position":"center center","background-size":"auto","background-attachment":"scroll","background-type":"","background-media":"","overlay-type":"","overlay-color":"","overlay-opacity":"","overlay-gradient":""}},"ast-content-background-meta":{"desktop":{"background-color":"var(--ast-global-color-5)","background-image":"","background-repeat":"repeat","background-position":"center center","background-size":"auto","background-attachment":"scroll","background-type":"","background-media":"","overlay-type":"","overlay-color":"","overlay-opacity":"","overlay-gradient":""},"tablet":{"background-color":"var(--ast-global-color-5)","background-image":"","background-repeat":"repeat","background-position":"center center","background-size":"auto","background-attachment":"scroll","background-type":"","background-media":"","overlay-type":"","overlay-color":"","overlay-opacity":"","overlay-gradient":""},"mobile":{"background-color":"var(--ast-global-color-5)","background-image":"","background-repeat":"repeat","background-position":"center center","background-size":"auto","background-attachment":"scroll","background-type":"","background-media":"","overlay-type":"","overlay-color":"","overlay-opacity":"","overlay-gradient":""}}},"product_brand":[],"product_cat":[18],"product_tag":[],"class_list":{"0":"post-121","1":"product","2":"type-product","3":"status-publish","4":"has-post-thumbnail","6":"product_cat-cours-natation-97410","7":"desktop-align-left","8":"tablet-align-left","9":"mobile-align-left","11":"first","12":"instock","13":"taxable","14":"shipping-taxable","15":"product-type-simple"},"yoast_head":"<!-- This site is optimized with the Yoast SEO plugin v26.7 - https:\/\/yoast.com\/wordpress\/plugins\/seo\/ -->\n<title>Ecole de natation (enfants) 97410 - Boutique CATS Natation<\/title>\n<meta name=\"description\" content=\"Inscrivez vos enfants aux cours de natation du club Terre Sainte \u00e0 Saint-Pierre (97410, \u00cele de la R\u00e9union). Apprentissage et s\u00e9curit\u00e9 garantis !\" \/>\n<meta name=\"robots\" content=\"index, follow, max-snippet:-1, max-image-preview:large, max-video-preview:-1\" \/>\n<link rel=\"canonical\" href=\"https:\/\/catsnatation.re\/boutiquenatation\/produit\/cours-ecole-natation-enfant-97410\/\" \/>\n<meta property=\"og:locale\" content=\"fr_FR\" \/>\n<meta property=\"og:type\" content=\"article\" \/>\n<meta property=\"og:title\" content=\"Ecole de natation (enfants) 97410 - Boutique CATS Natation\" \/>\n<meta property=\"og:description\" content=\"Inscrivez vos enfants aux cours de natation du club Terre Sainte \u00e0 Saint-Pierre (97410, \u00cele de la R\u00e9union). Apprentissage et s\u00e9curit\u00e9 garantis !\" \/>\n<meta property=\"og:url\" content=\"https:\/\/catsnatation.re\/boutiquenatation\/produit\/cours-ecole-natation-enfant-97410\/\" \/>\n<meta property=\"og:site_name\" content=\"Boutique CATS Natation\" \/>\n<meta property=\"article:publisher\" content=\"https:\/\/www.facebook.com\/catsnatation97410\/\" \/>\n<meta property=\"article:modified_time\" content=\"2025-02-09T14:10:13+00:00\" \/>\n<meta property=\"og:image\" content=\"https:\/\/catsnatation.re\/boutiquenatation\/wp-content\/uploads\/2024\/12\/Ecole-de-natation-97410.webp\" \/>\n\t<meta property=\"og:image:width\" content=\"300\" \/>\n\t<meta property=\"og:image:height\" content=\"300\" \/>\n\t<meta property=\"og:image:type\" content=\"image\/webp\" \/>\n<meta name=\"twitter:card\" content=\"summary_large_image\" \/>\n<meta name=\"twitter:label1\" content=\"Dur\u00e9e de lecture estim\u00e9e\" \/>\n\t<meta name=\"twitter:data1\" content=\"4 minutes\" \/>\n<script type=\"application\/ld+json\" class=\"yoast-schema-graph\">{\"@context\":\"https:\/\/schema.org\",\"@graph\":[{\"@type\":\"WebPage\",\"@id\":\"https:\/\/catsnatation.re\/boutiquenatation\/produit\/cours-ecole-natation-enfant-97410\/\",\"url\":\"https:\/\/catsnatation.re\/boutiquenatation\/produit\/cours-ecole-natation-enfant-97410\/\",\"name\":\"Ecole de natation (enfants) 97410 - Boutique CATS Natation\",\"isPartOf\":{\"@id\":\"https:\/\/catsnatation.re\/boutiquenatation\/#website\"},\"primaryImageOfPage\":{\"@id\":\"https:\/\/catsnatation.re\/boutiquenatation\/produit\/cours-ecole-natation-enfant-97410\/#primaryimage\"},\"image\":{\"@id\":\"https:\/\/catsnatation.re\/boutiquenatation\/produit\/cours-ecole-natation-enfant-97410\/#primaryimage\"},\"thumbnailUrl\":\"https:\/\/catsnatation.re\/boutiquenatation\/wp-content\/uploads\/2024\/12\/Ecole-de-natation-97410.webp\",\"datePublished\":\"2024-12-03T12:32:52+00:00\",\"dateModified\":\"2025-02-09T14:10:13+00:00\",\"description\":\"Inscrivez vos enfants aux cours de natation du club Terre Sainte \u00e0 Saint-Pierre (97410, \u00cele de la R\u00e9union). Apprentissage et s\u00e9curit\u00e9 garantis !\",\"breadcrumb\":{\"@id\":\"https:\/\/catsnatation.re\/boutiquenatation\/produit\/cours-ecole-natation-enfant-97410\/#breadcrumb\"},\"inLanguage\":\"fr-FR\",\"potentialAction\":[{\"@type\":\"ReadAction\",\"target\":[\"https:\/\/catsnatation.re\/boutiquenatation\/produit\/cours-ecole-natation-enfant-97410\/\"]}]},{\"@type\":\"ImageObject\",\"inLanguage\":\"fr-FR\",\"@id\":\"https:\/\/catsnatation.re\/boutiquenatation\/produit\/cours-ecole-natation-enfant-97410\/#primaryimage\",\"url\":\"https:\/\/catsnatation.re\/boutiquenatation\/wp-content\/uploads\/2024\/12\/Ecole-de-natation-97410.webp\",\"contentUrl\":\"https:\/\/catsnatation.re\/boutiquenatation\/wp-content\/uploads\/2024\/12\/Ecole-de-natation-97410.webp\",\"width\":300,\"height\":300,\"caption\":\"Ecole de natation 97410\"},{\"@type\":\"BreadcrumbList\",\"@id\":\"https:\/\/catsnatation.re\/boutiquenatation\/produit\/cours-ecole-natation-enfant-97410\/#breadcrumb\",\"itemListElement\":[{\"@type\":\"ListItem\",\"position\":1,\"name\":\"Store\",\"item\":\"https:\/\/catsnatation.re\/boutiquenatation\/\"},{\"@type\":\"ListItem\",\"position\":2,\"name\":\"Boutique\",\"item\":\"https:\/\/catsnatation.re\/boutiquenatation\/boutique\/\"},{\"@type\":\"ListItem\",\"position\":3,\"name\":\"Ecole de natation (enfants) 97410\"}]},{\"@type\":\"WebSite\",\"@id\":\"https:\/\/catsnatation.re\/boutiquenatation\/#website\",\"url\":\"https:\/\/catsnatation.re\/boutiquenatation\/\",\"name\":\"Boutique natation du club CATS\",\"description\":\"\",\"publisher\":{\"@id\":\"https:\/\/catsnatation.re\/boutiquenatation\/#organization\"},\"potentialAction\":[{\"@type\":\"SearchAction\",\"target\":{\"@type\":\"EntryPoint\",\"urlTemplate\":\"https:\/\/catsnatation.re\/boutiquenatation\/?s={search_term_string}\"},\"query-input\":{\"@type\":\"PropertyValueSpecification\",\"valueRequired\":true,\"valueName\":\"search_term_string\"}}],\"inLanguage\":\"fr-FR\"},{\"@type\":\"Organization\",\"@id\":\"https:\/\/catsnatation.re\/boutiquenatation\/#organization\",\"name\":\"Cercle Aquatique de Terre Sainte Boutique\",\"url\":\"https:\/\/catsnatation.re\/boutiquenatation\/\",\"logo\":{\"@type\":\"ImageObject\",\"inLanguage\":\"fr-FR\",\"@id\":\"https:\/\/catsnatation.re\/boutiquenatation\/#\/schema\/logo\/image\/\",\"url\":\"https:\/\/catsnatation.re\/boutiquenatation\/wp-content\/uploads\/2024\/12\/Flavicon-CATS-Shop.webp\",\"contentUrl\":\"https:\/\/catsnatation.re\/boutiquenatation\/wp-content\/uploads\/2024\/12\/Flavicon-CATS-Shop.webp\",\"width\":300,\"height\":300,\"caption\":\"Cercle Aquatique de Terre Sainte Boutique\"},\"image\":{\"@id\":\"https:\/\/catsnatation.re\/boutiquenatation\/#\/schema\/logo\/image\/\"},\"sameAs\":[\"https:\/\/www.facebook.com\/catsnatation97410\/\"]}]}<\/script>\n<!-- \/ Yoast SEO plugin. -->","yoast_head_json":{"title":"Ecole de natation (enfants) 97410 - Boutique CATS Natation","description":"Inscrivez vos enfants aux cours de natation du club Terre Sainte \u00e0 Saint-Pierre (97410, \u00cele de la R\u00e9union). Apprentissage et s\u00e9curit\u00e9 garantis !","robots":{"index":"index","follow":"follow","max-snippet":"max-snippet:-1","max-image-preview":"max-image-preview:large","max-video-preview":"max-video-preview:-1"},"canonical":"https:\/\/catsnatation.re\/boutiquenatation\/produit\/cours-ecole-natation-enfant-97410\/","og_locale":"fr_FR","og_type":"article","og_title":"Ecole de natation (enfants) 97410 - Boutique CATS Natation","og_description":"Inscrivez vos enfants aux cours de natation du club Terre Sainte \u00e0 Saint-Pierre (97410, \u00cele de la R\u00e9union). Apprentissage et s\u00e9curit\u00e9 garantis !","og_url":"https:\/\/catsnatation.re\/boutiquenatation\/produit\/cours-ecole-natation-enfant-97410\/","og_site_name":"Boutique CATS Natation","article_publisher":"https:\/\/www.facebook.com\/catsnatation97410\/","article_modified_time":"2025-02-09T14:10:13+00:00","og_image":[{"width":300,"height":300,"url":"https:\/\/catsnatation.re\/boutiquenatation\/wp-content\/uploads\/2024\/12\/Ecole-de-natation-97410.webp","type":"image\/webp"}],"twitter_card":"summary_large_image","twitter_misc":{"Dur\u00e9e de lecture estim\u00e9e":"4 minutes"},"schema":{"@context":"https:\/\/schema.org","@graph":[{"@type":"WebPage","@id":"https:\/\/catsnatation.re\/boutiquenatation\/produit\/cours-ecole-natation-enfant-97410\/","url":"https:\/\/catsnatation.re\/boutiquenatation\/produit\/cours-ecole-natation-enfant-97410\/","name":"Ecole de natation (enfants) 97410 - Boutique CATS Natation","isPartOf":{"@id":"https:\/\/catsnatation.re\/boutiquenatation\/#website"},"primaryImageOfPage":{"@id":"https:\/\/catsnatation.re\/boutiquenatation\/produit\/cours-ecole-natation-enfant-97410\/#primaryimage"},"image":{"@id":"https:\/\/catsnatation.re\/boutiquenatation\/produit\/cours-ecole-natation-enfant-97410\/#primaryimage"},"thumbnailUrl":"https:\/\/catsnatation.re\/boutiquenatation\/wp-content\/uploads\/2024\/12\/Ecole-de-natation-97410.webp","datePublished":"2024-12-03T12:32:52+00:00","dateModified":"2025-02-09T14:10:13+00:00","description":"Inscrivez vos enfants aux cours de natation du club Terre Sainte \u00e0 Saint-Pierre (97410, \u00cele de la R\u00e9union). Apprentissage et s\u00e9curit\u00e9 garantis !","breadcrumb":{"@id":"https:\/\/catsnatation.re\/boutiquenatation\/produit\/cours-ecole-natation-enfant-97410\/#breadcrumb"},"inLanguage":"fr-FR","potentialAction":[{"@type":"ReadAction","target":["https:\/\/catsnatation.re\/boutiquenatation\/produit\/cours-ecole-natation-enfant-97410\/"]}]},{"@type":"ImageObject","inLanguage":"fr-FR","@id":"https:\/\/catsnatation.re\/boutiquenatation\/produit\/cours-ecole-natation-enfant-97410\/#primaryimage","url":"https:\/\/catsnatation.re\/boutiquenatation\/wp-content\/uploads\/2024\/12\/Ecole-de-natation-97410.webp","contentUrl":"https:\/\/catsnatation.re\/boutiquenatation\/wp-content\/uploads\/2024\/12\/Ecole-de-natation-97410.webp","width":300,"height":300,"caption":"Ecole de natation 97410"},{"@type":"BreadcrumbList","@id":"https:\/\/catsnatation.re\/boutiquenatation\/produit\/cours-ecole-natation-enfant-97410\/#breadcrumb","itemListElement":[{"@type":"ListItem","position":1,"name":"Store","item":"https:\/\/catsnatation.re\/boutiquenatation\/"},{"@type":"ListItem","position":2,"name":"Boutique","item":"https:\/\/catsnatation.re\/boutiquenatation\/boutique\/"},{"@type":"ListItem","position":3,"name":"Ecole de natation (enfants) 97410"}]},{"@type":"WebSite","@id":"https:\/\/catsnatation.re\/boutiquenatation\/#website","url":"https:\/\/catsnatation.re\/boutiquenatation\/","name":"Boutique natation du club CATS","description":"","publisher":{"@id":"https:\/\/catsnatation.re\/boutiquenatation\/#organization"},"potentialAction":[{"@type":"SearchAction","target":{"@type":"EntryPoint","urlTemplate":"https:\/\/catsnatation.re\/boutiquenatation\/?s={search_term_string}"},"query-input":{"@type":"PropertyValueSpecification","valueRequired":true,"valueName":"search_term_string"}}],"inLanguage":"fr-FR"},{"@type":"Organization","@id":"https:\/\/catsnatation.re\/boutiquenatation\/#organization","name":"Cercle Aquatique de Terre Sainte Boutique","url":"https:\/\/catsnatation.re\/boutiquenatation\/","logo":{"@type":"ImageObject","inLanguage":"fr-FR","@id":"https:\/\/catsnatation.re\/boutiquenatation\/#\/schema\/logo\/image\/","url":"https:\/\/catsnatation.re\/boutiquenatation\/wp-content\/uploads\/2024\/12\/Flavicon-CATS-Shop.webp","contentUrl":"https:\/\/catsnatation.re\/boutiquenatation\/wp-content\/uploads\/2024\/12\/Flavicon-CATS-Shop.webp","width":300,"height":300,"caption":"Cercle Aquatique de Terre Sainte Boutique"},"image":{"@id":"https:\/\/catsnatation.re\/boutiquenatation\/#\/schema\/logo\/image\/"},"sameAs":["https:\/\/www.facebook.com\/catsnatation97410\/"]}]}},"_links":{"self":[{"href":"https:\/\/catsnatation.re\/boutiquenatation\/wp-json\/wp\/v2\/product\/121","targetHints":{"allow":["GET"]}}],"collection":[{"href":"https:\/\/catsnatation.re\/boutiquenatation\/wp-json\/wp\/v2\/product"}],"about":[{"href":"https:\/\/catsnatation.re\/boutiquenatation\/wp-json\/wp\/v2\/types\/product"}],"wp:featuredmedia":[{"embeddable":true,"href":"https:\/\/catsnatation.re\/boutiquenatation\/wp-json\/wp\/v2\/media\/106"}],"wp:attachment":[{"href":"https:\/\/catsnatation.re\/boutiquenatation\/wp-json\/wp\/v2\/media?parent=121"}],"wp:term":[{"taxonomy":"product_brand","embeddable":true,"href":"https:\/\/catsnatation.re\/boutiquenatation\/wp-json\/wp\/v2\/product_brand?post=121"},{"taxonomy":"product_cat","embeddable":true,"href":"https:\/\/catsnatation.re\/boutiquenatation\/wp-json\/wp\/v2\/product_cat?post=121"},{"taxonomy":"product_tag","embeddable":true,"href":"https:\/\/catsnatation.re\/boutiquenatation\/wp-json\/wp\/v2\/product_tag?post=121"}],"curies":[{"name":"wp","href":"https:\/\/api.w.org\/{rel}","templated":true}]}}