{"id":123,"date":"2024-12-04T05:29:07","date_gmt":"2024-12-04T05:29:07","guid":{"rendered":"https:\/\/catsnatation.re\/boutiquenatation\/?post_type=product&#038;p=123"},"modified":"2025-02-09T14:10:20","modified_gmt":"2025-02-09T14:10:20","slug":"cours-natation-competition-97410","status":"publish","type":"product","link":"https:\/\/catsnatation.re\/boutiquenatation\/produit\/cours-natation-competition-97410\/","title":{"rendered":"Cours de natation comp\u00e9tition 97410"},"content":{"rendered":"<p>CATS Natation propose des cours sp\u00e9cialement con\u00e7us pour les jeunes nageurs en comp\u00e9tition, organis\u00e9s par tranches d&#8217;\u00e2ge afin d&#8217;accompagner leur progression dans la natation comp\u00e9titive. Voici les diff\u00e9rents niveaux offerts :<\/p>\n<h3><strong>Niveaux de Comp\u00e9tition<\/strong><\/h3>\n<ul>\n<li><strong>Horizons (7-9 ans)<\/strong> : Introduction ludique \u00e0 la comp\u00e9tition, avec un apprentissage des bases essentielles.<\/li>\n<li><strong>Avenirs (10-11 ans)<\/strong> : Premier engagement s\u00e9rieux dans la pratique comp\u00e9titive, avec un accent sur la discipline et l&#8217;am\u00e9lioration des performances.<\/li>\n<li><strong>Benjamins (12-13 ans)<\/strong> : Perfectionnement technique et pr\u00e9paration \u00e0 des comp\u00e9titions plus exigeantes.<\/li>\n<li><strong>Juniors \u00c9lites (14-17 ans)<\/strong> : Entra\u00eenement intensif pour atteindre un niveau avanc\u00e9 et participer \u00e0 des comp\u00e9titions de haut niveau.<\/li>\n<\/ul>\n<p>Chaque cat\u00e9gorie b\u00e9n\u00e9ficie d\u2019un encadrement adapt\u00e9 et d\u2019entra\u00eenements cibl\u00e9s pour d\u00e9velopper performances, technique et endurance.<\/p>\n<p>&nbsp;<\/p>\n<p><a href=\"https:\/\/catsnatation.re\/contact-club-cats-natation\/\" target=\"_blank\" rel=\"noopener\"><strong>Contactez-nous pour en savoir plus.<\/strong><\/a><\/p>\n","protected":false},"excerpt":{"rendered":"<h3><strong>Groupe Comp\u00e9tition<\/strong><\/h3>\n<ul>\n<li><strong>Horizons<\/strong> : Pour les nageurs \u00e2g\u00e9s de 7 \u00e0 9 ans.<\/li>\n<li><strong>Avenirs<\/strong> : Destin\u00e9 aux nageurs \u00e2g\u00e9s de 10 \u00e0 11 ans.<\/li>\n<li><strong>Benjamins<\/strong> : Pour les jeunes \u00e2g\u00e9s de 12 \u00e0 13 ans.<\/li>\n<li><strong>Juniors \u00c9lites<\/strong> : Pour les nageurs \u00e2g\u00e9s de 14 \u00e0 17 ans.<\/li>\n<\/ul>\n<p><a href=\"https:\/\/catsnatation.re\/contact-club-cats-natation\/\" target=\"_blank\" rel=\"noopener\"><strong>Contactez-nous pour en savoir plus.<\/strong><\/a><\/p>\n<p><script type=\"application\/ld+json\">\n{\n  \"@context\": \"https:\/\/schema.org\/\", \n  \"@type\": \"Product\", \n  \"name\": \"Cours de natation competition\",\n  \"image\": \"https:\/\/catsnatation.re\/boutiquenatation\/wp-content\/uploads\/2024\/12\/natation-competition-97410.webp\",\n  \"description\": \"CATS Natation propose des cours sp\u00e9cialement con\u00e7us pour les jeunes nageurs en comp\u00e9tition, organis\u00e9s par tranches d\u2019\u00e2ge afin d\u2019accompagner leur progression dans la natation comp\u00e9titive. Voici les diff\u00e9rents niveaux offerts :\nNiveaux de Comp\u00e9tition<\/p>\n<p>    Horizons (7-9 ans) : Introduction ludique \u00e0 la comp\u00e9tition, avec un apprentissage des bases essentielles.\n    Avenirs (10-11 ans) : Premier engagement s\u00e9rieux dans la pratique comp\u00e9titive, avec un accent sur la discipline et l\u2019am\u00e9lioration des performances.\n    Benjamins (12-13 ans) : Perfectionnement technique et pr\u00e9paration \u00e0 des comp\u00e9titions plus exigeantes.\n    Juniors \u00c9lites (14-17 ans) : Entra\u00eenement intensif pour atteindre un niveau avanc\u00e9 et participer \u00e0 des comp\u00e9titions de haut niveau.<\/p>\n<p>Chaque cat\u00e9gorie b\u00e9n\u00e9ficie d\u2019un encadrement adapt\u00e9 et d\u2019entra\u00eenements cibl\u00e9s pour d\u00e9velopper performances, technique et endurance.\",\n  \"brand\": {\n    \"@type\": \"Brand\",\n    \"name\": \"CATS natation\"\n  },\n  \"aggregateRating\": {\n    \"@type\": \"AggregateRating\",\n    \"ratingValue\": \"5\",\n    \"reviewCount\": \"256\"\n  },\n  \"offers\": {\n    \"@type\": \"Offer\",\n    \"url\": \"https:\/\/catsnatation.re\/boutiquenatation\/produit\/cours-natation-competition-97410\/\",\n    \"priceCurrency\": \"EUR\",\n    \"price\": \"305\"\n  }\n}\n<\/script><\/p>\n<p><script type=\"application\/ld+json\">\n{\n \"@context\": \"https:\/\/schema.org\",\n \"@type\": \"Course\",\n \"name\": \"Competition de natation 97410 Saint Pierre\",\n \"description\": \"Competition de natation adapt\u00e9s aux enfants\",\n \"category\": \"Natation\",\n \"provider\": {\n   \"@type\": \"Organization\",\n   \"name\": \"CATS natation\",\n   \"address\": {\n     \"@type\": \"PostalAddress\",\n     \"streetAddress\": \"Piscine municipale de Terre Sainte\",\n     \"postalCode\": \"97410\",\n     \"addressLocality\": \"Saint Pierre\"\n   }\n },\n \"hasCourseInstance\": {\n   \"@type\": \"CourseInstance\",\n   \"startDate\": \"2024-08-01\",\n   \"endDate\": \"2025-06-30\",\n   \"location\": {\n     \"@type\": \"Place\",\n     \"name\": \"Complexe Aqualoisir FRANCIS NICOLE\",\n     \"address\": {\n       \"@type\": \"PostalAddress\",\n       \"streetAddress\": \"Piscine municipale de Terre Sainte\",\n       \"postalCode\": \"97410\",\n       \"addressLocality\": \"Saint Pierre\"\n     }\n   },\n   \"courseMode\": \"Onsite\",\n   \"courseSchedule\": {\n     \"@type\": \"Schedule\",\n     \"byDay\": [\n       \"https:\/\/schema.org\/Monday\",\n       \"https:\/\/schema.org\/Tuesday\",\n       \"https:\/\/schema.org\/Wednesday\",\n       \"https:\/\/schema.org\/Thursday\",\n       \"https:\/\/schema.org\/Friday\"\n     ],\n     \"startTime\": \"17:00\",\n     \"endTime\": \"20:00\",\n     \"repeatFrequency\": \"Weekly\",\n     \"repeatCount\": 230\n   }\n },\n \"audience\": {\n   \"@type\": \"Audience\",\n   \"audienceType\": \"Enfants\",\n   \"suggestedMinAge\": \"9\",\n   \"suggestedMaxAge\": \"17\"\n },\n \"teaches\": [\n   \"Nage libre\",\n   \"Dos crawl\u00e9\",\n   \"Brasse\",\n   \"Papillon\",\n   \"S\u00e9curit\u00e9 aquatique\"\n ],\n \"offers\": {\n   \"@type\": \"Offer\",\n   \"price\": \"305.00\",\n   \"priceCurrency\": \"EUR\",\n   \"category\": \"Cours de natation\",\n   \"availability\": \"https:\/\/schema.org\/InStock\",\n   \"validFrom\": \"2024-08-01\",\n   \"validThrough\": \"2025-06-30\"\n }\n}\n<\/script><\/p>\n","protected":false},"featured_media":109,"template":"","meta":{"site-sidebar-layout":"default","site-content-layout":"","ast-site-content-layout":"default","site-content-style":"default","site-sidebar-style":"default","ast-global-header-display":"","ast-banner-title-visibility":"","ast-main-header-display":"","ast-hfb-above-header-display":"","ast-hfb-below-header-display":"","ast-hfb-mobile-header-display":"","site-post-title":"","ast-breadcrumbs-content":"","ast-featured-img":"","footer-sml-layout":"","ast-disable-related-posts":"","theme-transparent-header-meta":"default","adv-header-id-meta":"","stick-header-meta":"","header-above-stick-meta":"","header-main-stick-meta":"","header-below-stick-meta":"","astra-migrate-meta-layouts":"set","ast-page-background-enabled":"default","ast-page-background-meta":{"desktop":{"background-color":"var(--ast-global-color-4)","background-image":"","background-repeat":"repeat","background-position":"center center","background-size":"auto","background-attachment":"scroll","background-type":"","background-media":"","overlay-type":"","overlay-color":"","overlay-opacity":"","overlay-gradient":""},"tablet":{"background-color":"","background-image":"","background-repeat":"repeat","background-position":"center center","background-size":"auto","background-attachment":"scroll","background-type":"","background-media":"","overlay-type":"","overlay-color":"","overlay-opacity":"","overlay-gradient":""},"mobile":{"background-color":"","background-image":"","background-repeat":"repeat","background-position":"center center","background-size":"auto","background-attachment":"scroll","background-type":"","background-media":"","overlay-type":"","overlay-color":"","overlay-opacity":"","overlay-gradient":""}},"ast-content-background-meta":{"desktop":{"background-color":"var(--ast-global-color-5)","background-image":"","background-repeat":"repeat","background-position":"center center","background-size":"auto","background-attachment":"scroll","background-type":"","background-media":"","overlay-type":"","overlay-color":"","overlay-opacity":"","overlay-gradient":""},"tablet":{"background-color":"var(--ast-global-color-5)","background-image":"","background-repeat":"repeat","background-position":"center center","background-size":"auto","background-attachment":"scroll","background-type":"","background-media":"","overlay-type":"","overlay-color":"","overlay-opacity":"","overlay-gradient":""},"mobile":{"background-color":"var(--ast-global-color-5)","background-image":"","background-repeat":"repeat","background-position":"center center","background-size":"auto","background-attachment":"scroll","background-type":"","background-media":"","overlay-type":"","overlay-color":"","overlay-opacity":"","overlay-gradient":""}}},"product_brand":[],"product_cat":[18],"product_tag":[],"class_list":{"0":"post-123","1":"product","2":"type-product","3":"status-publish","4":"has-post-thumbnail","6":"product_cat-cours-natation-97410","7":"desktop-align-left","8":"tablet-align-left","9":"mobile-align-left","11":"first","12":"instock","13":"taxable","14":"shipping-taxable","15":"product-type-simple"},"yoast_head":"<!-- This site is optimized with the Yoast SEO plugin v26.7 - https:\/\/yoast.com\/wordpress\/plugins\/seo\/ -->\n<title>Cours de natation comp\u00e9tition 97410 - Boutique CATS Natation<\/title>\n<meta name=\"description\" content=\"CATS Natation offre des cours de natation pour jeunes nageurs, organis\u00e9s par niveaux de comp\u00e9tition : Horizons, Avenirs, Benjamins et Juniors \u00c9lites.\" \/>\n<meta name=\"robots\" content=\"index, follow, max-snippet:-1, max-image-preview:large, max-video-preview:-1\" \/>\n<link rel=\"canonical\" href=\"https:\/\/catsnatation.re\/boutiquenatation\/produit\/cours-natation-competition-97410\/\" \/>\n<meta property=\"og:locale\" content=\"fr_FR\" \/>\n<meta property=\"og:type\" content=\"article\" \/>\n<meta property=\"og:title\" content=\"Cours de natation comp\u00e9tition 97410 - Boutique CATS Natation\" \/>\n<meta property=\"og:description\" content=\"CATS Natation offre des cours de natation pour jeunes nageurs, organis\u00e9s par niveaux de comp\u00e9tition : Horizons, Avenirs, Benjamins et Juniors \u00c9lites.\" \/>\n<meta property=\"og:url\" content=\"https:\/\/catsnatation.re\/boutiquenatation\/produit\/cours-natation-competition-97410\/\" \/>\n<meta property=\"og:site_name\" content=\"Boutique CATS Natation\" \/>\n<meta property=\"article:publisher\" content=\"https:\/\/www.facebook.com\/catsnatation97410\/\" \/>\n<meta property=\"article:modified_time\" content=\"2025-02-09T14:10:20+00:00\" \/>\n<meta property=\"og:image\" content=\"https:\/\/catsnatation.re\/boutiquenatation\/wp-content\/uploads\/2024\/12\/natation-competition-97410.webp\" \/>\n\t<meta property=\"og:image:width\" content=\"300\" \/>\n\t<meta property=\"og:image:height\" content=\"300\" \/>\n\t<meta property=\"og:image:type\" content=\"image\/webp\" \/>\n<meta name=\"twitter:card\" content=\"summary_large_image\" \/>\n<meta name=\"twitter:label1\" content=\"Dur\u00e9e de lecture estim\u00e9e\" \/>\n\t<meta name=\"twitter:data1\" content=\"1 minute\" \/>\n<script type=\"application\/ld+json\" class=\"yoast-schema-graph\">{\"@context\":\"https:\/\/schema.org\",\"@graph\":[{\"@type\":\"WebPage\",\"@id\":\"https:\/\/catsnatation.re\/boutiquenatation\/produit\/cours-natation-competition-97410\/\",\"url\":\"https:\/\/catsnatation.re\/boutiquenatation\/produit\/cours-natation-competition-97410\/\",\"name\":\"Cours de natation comp\u00e9tition 97410 - Boutique CATS Natation\",\"isPartOf\":{\"@id\":\"https:\/\/catsnatation.re\/boutiquenatation\/#website\"},\"primaryImageOfPage\":{\"@id\":\"https:\/\/catsnatation.re\/boutiquenatation\/produit\/cours-natation-competition-97410\/#primaryimage\"},\"image\":{\"@id\":\"https:\/\/catsnatation.re\/boutiquenatation\/produit\/cours-natation-competition-97410\/#primaryimage\"},\"thumbnailUrl\":\"https:\/\/catsnatation.re\/boutiquenatation\/wp-content\/uploads\/2024\/12\/natation-competition-97410.webp\",\"datePublished\":\"2024-12-04T05:29:07+00:00\",\"dateModified\":\"2025-02-09T14:10:20+00:00\",\"description\":\"CATS Natation offre des cours de natation pour jeunes nageurs, organis\u00e9s par niveaux de comp\u00e9tition : Horizons, Avenirs, Benjamins et Juniors \u00c9lites.\",\"breadcrumb\":{\"@id\":\"https:\/\/catsnatation.re\/boutiquenatation\/produit\/cours-natation-competition-97410\/#breadcrumb\"},\"inLanguage\":\"fr-FR\",\"potentialAction\":[{\"@type\":\"ReadAction\",\"target\":[\"https:\/\/catsnatation.re\/boutiquenatation\/produit\/cours-natation-competition-97410\/\"]}]},{\"@type\":\"ImageObject\",\"inLanguage\":\"fr-FR\",\"@id\":\"https:\/\/catsnatation.re\/boutiquenatation\/produit\/cours-natation-competition-97410\/#primaryimage\",\"url\":\"https:\/\/catsnatation.re\/boutiquenatation\/wp-content\/uploads\/2024\/12\/natation-competition-97410.webp\",\"contentUrl\":\"https:\/\/catsnatation.re\/boutiquenatation\/wp-content\/uploads\/2024\/12\/natation-competition-97410.webp\",\"width\":300,\"height\":300,\"caption\":\"natation competition 97410\"},{\"@type\":\"BreadcrumbList\",\"@id\":\"https:\/\/catsnatation.re\/boutiquenatation\/produit\/cours-natation-competition-97410\/#breadcrumb\",\"itemListElement\":[{\"@type\":\"ListItem\",\"position\":1,\"name\":\"Store\",\"item\":\"https:\/\/catsnatation.re\/boutiquenatation\/\"},{\"@type\":\"ListItem\",\"position\":2,\"name\":\"Boutique\",\"item\":\"https:\/\/catsnatation.re\/boutiquenatation\/boutique\/\"},{\"@type\":\"ListItem\",\"position\":3,\"name\":\"Cours de natation comp\u00e9tition 97410\"}]},{\"@type\":\"WebSite\",\"@id\":\"https:\/\/catsnatation.re\/boutiquenatation\/#website\",\"url\":\"https:\/\/catsnatation.re\/boutiquenatation\/\",\"name\":\"Boutique natation du club CATS\",\"description\":\"\",\"publisher\":{\"@id\":\"https:\/\/catsnatation.re\/boutiquenatation\/#organization\"},\"potentialAction\":[{\"@type\":\"SearchAction\",\"target\":{\"@type\":\"EntryPoint\",\"urlTemplate\":\"https:\/\/catsnatation.re\/boutiquenatation\/?s={search_term_string}\"},\"query-input\":{\"@type\":\"PropertyValueSpecification\",\"valueRequired\":true,\"valueName\":\"search_term_string\"}}],\"inLanguage\":\"fr-FR\"},{\"@type\":\"Organization\",\"@id\":\"https:\/\/catsnatation.re\/boutiquenatation\/#organization\",\"name\":\"Cercle Aquatique de Terre Sainte Boutique\",\"url\":\"https:\/\/catsnatation.re\/boutiquenatation\/\",\"logo\":{\"@type\":\"ImageObject\",\"inLanguage\":\"fr-FR\",\"@id\":\"https:\/\/catsnatation.re\/boutiquenatation\/#\/schema\/logo\/image\/\",\"url\":\"https:\/\/catsnatation.re\/boutiquenatation\/wp-content\/uploads\/2024\/12\/Flavicon-CATS-Shop.webp\",\"contentUrl\":\"https:\/\/catsnatation.re\/boutiquenatation\/wp-content\/uploads\/2024\/12\/Flavicon-CATS-Shop.webp\",\"width\":300,\"height\":300,\"caption\":\"Cercle Aquatique de Terre Sainte Boutique\"},\"image\":{\"@id\":\"https:\/\/catsnatation.re\/boutiquenatation\/#\/schema\/logo\/image\/\"},\"sameAs\":[\"https:\/\/www.facebook.com\/catsnatation97410\/\"]}]}<\/script>\n<!-- \/ Yoast SEO plugin. -->","yoast_head_json":{"title":"Cours de natation comp\u00e9tition 97410 - Boutique CATS Natation","description":"CATS Natation offre des cours de natation pour jeunes nageurs, organis\u00e9s par niveaux de comp\u00e9tition : Horizons, Avenirs, Benjamins et Juniors \u00c9lites.","robots":{"index":"index","follow":"follow","max-snippet":"max-snippet:-1","max-image-preview":"max-image-preview:large","max-video-preview":"max-video-preview:-1"},"canonical":"https:\/\/catsnatation.re\/boutiquenatation\/produit\/cours-natation-competition-97410\/","og_locale":"fr_FR","og_type":"article","og_title":"Cours de natation comp\u00e9tition 97410 - Boutique CATS Natation","og_description":"CATS Natation offre des cours de natation pour jeunes nageurs, organis\u00e9s par niveaux de comp\u00e9tition : Horizons, Avenirs, Benjamins et Juniors \u00c9lites.","og_url":"https:\/\/catsnatation.re\/boutiquenatation\/produit\/cours-natation-competition-97410\/","og_site_name":"Boutique CATS Natation","article_publisher":"https:\/\/www.facebook.com\/catsnatation97410\/","article_modified_time":"2025-02-09T14:10:20+00:00","og_image":[{"width":300,"height":300,"url":"https:\/\/catsnatation.re\/boutiquenatation\/wp-content\/uploads\/2024\/12\/natation-competition-97410.webp","type":"image\/webp"}],"twitter_card":"summary_large_image","twitter_misc":{"Dur\u00e9e de lecture estim\u00e9e":"1 minute"},"schema":{"@context":"https:\/\/schema.org","@graph":[{"@type":"WebPage","@id":"https:\/\/catsnatation.re\/boutiquenatation\/produit\/cours-natation-competition-97410\/","url":"https:\/\/catsnatation.re\/boutiquenatation\/produit\/cours-natation-competition-97410\/","name":"Cours de natation comp\u00e9tition 97410 - Boutique CATS Natation","isPartOf":{"@id":"https:\/\/catsnatation.re\/boutiquenatation\/#website"},"primaryImageOfPage":{"@id":"https:\/\/catsnatation.re\/boutiquenatation\/produit\/cours-natation-competition-97410\/#primaryimage"},"image":{"@id":"https:\/\/catsnatation.re\/boutiquenatation\/produit\/cours-natation-competition-97410\/#primaryimage"},"thumbnailUrl":"https:\/\/catsnatation.re\/boutiquenatation\/wp-content\/uploads\/2024\/12\/natation-competition-97410.webp","datePublished":"2024-12-04T05:29:07+00:00","dateModified":"2025-02-09T14:10:20+00:00","description":"CATS Natation offre des cours de natation pour jeunes nageurs, organis\u00e9s par niveaux de comp\u00e9tition : Horizons, Avenirs, Benjamins et Juniors \u00c9lites.","breadcrumb":{"@id":"https:\/\/catsnatation.re\/boutiquenatation\/produit\/cours-natation-competition-97410\/#breadcrumb"},"inLanguage":"fr-FR","potentialAction":[{"@type":"ReadAction","target":["https:\/\/catsnatation.re\/boutiquenatation\/produit\/cours-natation-competition-97410\/"]}]},{"@type":"ImageObject","inLanguage":"fr-FR","@id":"https:\/\/catsnatation.re\/boutiquenatation\/produit\/cours-natation-competition-97410\/#primaryimage","url":"https:\/\/catsnatation.re\/boutiquenatation\/wp-content\/uploads\/2024\/12\/natation-competition-97410.webp","contentUrl":"https:\/\/catsnatation.re\/boutiquenatation\/wp-content\/uploads\/2024\/12\/natation-competition-97410.webp","width":300,"height":300,"caption":"natation competition 97410"},{"@type":"BreadcrumbList","@id":"https:\/\/catsnatation.re\/boutiquenatation\/produit\/cours-natation-competition-97410\/#breadcrumb","itemListElement":[{"@type":"ListItem","position":1,"name":"Store","item":"https:\/\/catsnatation.re\/boutiquenatation\/"},{"@type":"ListItem","position":2,"name":"Boutique","item":"https:\/\/catsnatation.re\/boutiquenatation\/boutique\/"},{"@type":"ListItem","position":3,"name":"Cours de natation comp\u00e9tition 97410"}]},{"@type":"WebSite","@id":"https:\/\/catsnatation.re\/boutiquenatation\/#website","url":"https:\/\/catsnatation.re\/boutiquenatation\/","name":"Boutique natation du club CATS","description":"","publisher":{"@id":"https:\/\/catsnatation.re\/boutiquenatation\/#organization"},"potentialAction":[{"@type":"SearchAction","target":{"@type":"EntryPoint","urlTemplate":"https:\/\/catsnatation.re\/boutiquenatation\/?s={search_term_string}"},"query-input":{"@type":"PropertyValueSpecification","valueRequired":true,"valueName":"search_term_string"}}],"inLanguage":"fr-FR"},{"@type":"Organization","@id":"https:\/\/catsnatation.re\/boutiquenatation\/#organization","name":"Cercle Aquatique de Terre Sainte Boutique","url":"https:\/\/catsnatation.re\/boutiquenatation\/","logo":{"@type":"ImageObject","inLanguage":"fr-FR","@id":"https:\/\/catsnatation.re\/boutiquenatation\/#\/schema\/logo\/image\/","url":"https:\/\/catsnatation.re\/boutiquenatation\/wp-content\/uploads\/2024\/12\/Flavicon-CATS-Shop.webp","contentUrl":"https:\/\/catsnatation.re\/boutiquenatation\/wp-content\/uploads\/2024\/12\/Flavicon-CATS-Shop.webp","width":300,"height":300,"caption":"Cercle Aquatique de Terre Sainte Boutique"},"image":{"@id":"https:\/\/catsnatation.re\/boutiquenatation\/#\/schema\/logo\/image\/"},"sameAs":["https:\/\/www.facebook.com\/catsnatation97410\/"]}]}},"_links":{"self":[{"href":"https:\/\/catsnatation.re\/boutiquenatation\/wp-json\/wp\/v2\/product\/123","targetHints":{"allow":["GET"]}}],"collection":[{"href":"https:\/\/catsnatation.re\/boutiquenatation\/wp-json\/wp\/v2\/product"}],"about":[{"href":"https:\/\/catsnatation.re\/boutiquenatation\/wp-json\/wp\/v2\/types\/product"}],"wp:featuredmedia":[{"embeddable":true,"href":"https:\/\/catsnatation.re\/boutiquenatation\/wp-json\/wp\/v2\/media\/109"}],"wp:attachment":[{"href":"https:\/\/catsnatation.re\/boutiquenatation\/wp-json\/wp\/v2\/media?parent=123"}],"wp:term":[{"taxonomy":"product_brand","embeddable":true,"href":"https:\/\/catsnatation.re\/boutiquenatation\/wp-json\/wp\/v2\/product_brand?post=123"},{"taxonomy":"product_cat","embeddable":true,"href":"https:\/\/catsnatation.re\/boutiquenatation\/wp-json\/wp\/v2\/product_cat?post=123"},{"taxonomy":"product_tag","embeddable":true,"href":"https:\/\/catsnatation.re\/boutiquenatation\/wp-json\/wp\/v2\/product_tag?post=123"}],"curies":[{"name":"wp","href":"https:\/\/api.w.org\/{rel}","templated":true}]}}