{"id":126,"date":"2024-12-04T06:04:10","date_gmt":"2024-12-04T06:04:10","guid":{"rendered":"https:\/\/catsnatation.re\/boutiquenatation\/?post_type=product&#038;p=126"},"modified":"2025-02-09T14:09:57","modified_gmt":"2025-02-09T14:09:57","slug":"cours-natation-adultes-97410","status":"publish","type":"product","link":"https:\/\/catsnatation.re\/boutiquenatation\/produit\/cours-natation-adultes-97410\/","title":{"rendered":"Cours de natation adultes Saint Pierre"},"content":{"rendered":"<p>CATS Natation propose des cours de perfectionnement pour adultes, ax\u00e9s sur la ma\u00eetrise des quatre nages : crawl, dos, brasse et papillon. Destin\u00e9es aux nageurs ayant d\u00e9j\u00e0 les bases, ces s\u00e9ances visent \u00e0 affiner la technique, am\u00e9liorer l\u2019endurance et optimiser l\u2019efficacit\u00e9 dans l\u2019eau.<\/p>\n<p>Encadr\u00e9s par des entra\u00eeneurs exp\u00e9riment\u00e9s, les cours se concentrent sur la coordination, la respiration et la posture pour des performances accrues. Que ce soit pour le loisir ou la pr\u00e9paration \u00e0 des comp\u00e9titions, ces sessions s\u2019adaptent \u00e0 tous les niveaux de perfectionnement.<\/p>\n<p><a href=\"https:\/\/catsnatation.re\/contact-club-cats-natation\/\" target=\"_blank\" rel=\"noopener\"><strong>Contactez-nous pour en savoir plus.<\/strong><\/a><\/p>\n<p><script type=\"application\/ld+json\">\n{\n \"@context\": \"https:\/\/schema.org\",\n \"@type\": \"Course\",\n \"name\": \"Cours de natation pour adultes d\u00e9butants\",\n \"description\": \"Cours de natation adapt\u00e9s aux adultes souhaitant apprendre \u00e0 nager ou perfectionner leurs techniques de nage\",\n \"category\": \"Natation\",\n \"provider\": {\n   \"@type\": \"Organization\",\n   \"name\": \"CATS natation\",\n   \"address\": {\n     \"@type\": \"PostalAddress\",\n     \"streetAddress\": \"piscine municipale de Terre Sainte\",\n     \"postalCode\": \"97410\",\n     \"addressLocality\": \"Saint Pierre\"\n   }\n },\n \"hasCourseInstance\": {\n   \"@type\": \"CourseInstance\",\n   \"startDate\": \"2024-08-01\",\n   \"endDate\": \"2025-06-30\", \n   \"location\": {\n     \"@type\": \"Place\",\n     \"name\": \"Piscine Municipale\",\n     \"address\": {\n       \"@type\": \"PostalAddress\", \n       \"streetAddress\": \"piscine municipale de Terre Sainte\",\n       \"postalCode\": \"97410\",\n       \"addressLocality\": \"Saint Pierre\"\n     }\n   },\n   \"courseMode\": \"Onsite\",\n   \"courseSchedule\": {\n     \"@type\": \"Schedule\",\n     \"byDay\": [\n       \"https:\/\/schema.org\/Tuesday\",\n       \"https:\/\/schema.org\/Friday\"\n     ],\n     \"startTime\": \"18:00\",\n     \"endTime\": \"19:00\",\n     \"repeatFrequency\": \"Weekly\",\n     \"repeatCount\": 42\n   }\n },\n \"audience\": {\n   \"@type\": \"Audience\",\n   \"audienceType\": \"Adultes\",\n   \"suggestedMinAge\": \"18\",\n   \"suggestedMaxAge\": \"99\"\n },\n \"teaches\": [\n   \"Techniques de nage\",\n   \"Crawl\", \n   \"Brasse\",\n   \"S\u00e9curit\u00e9 aquatique\"\n ],\n \"offers\": {\n   \"@type\": \"Offer\",\n   \"price\": \"277.00\",\n   \"priceCurrency\": \"EUR\",\n   \"category\": \"Cours de natation\",\n   \"availability\": \"https:\/\/schema.org\/InStock\",\n   \"validFrom\": \"2024-08-01\",\n   \"validThrough\": \"2025-06-30\"\n }\n}\n<\/script><\/p>\n<p><script type=\"application\/ld+json\">\n{\n  \"@context\": \"https:\/\/schema.org\/\", \n  \"@type\": \"Product\", \n  \"name\": \"Cours de natation adulte\",\n  \"image\": \"https:\/\/catsnatation.re\/boutiquenatation\/wp-content\/uploads\/2024\/12\/cours-natation-adultes-97410.webp\",\n  \"description\": \"Le club CATS Natation, situ\u00e9 \u00e0 Terre Sainte, Saint-Pierre, propose des cours adapt\u00e9s aux enfants de tous niveaux, du d\u00e9butant au nageur confirm\u00e9. Encadr\u00e9s par des entra\u00eeneurs qualifi\u00e9s et exp\u00e9riment\u00e9s, ces cours garantissent un apprentissage progressif, personnalis\u00e9 et s\u00e9curis\u00e9.\\nQue ce soit pour apprendre \u00e0 nager, perfectionner une technique ou simplement profiter de l'eau tout en d\u00e9veloppant des comp\u00e9tences essentielles, le club offre un environnement bienveillant et motivant o\u00f9 chaque enfant progresse \u00e0 son rythme tout en s'amusant.\\nCATS Natation propose des cours de perfectionnement pour adultes, ax\u00e9s sur la ma\u00eetrise des quatre nages : crawl, dos, brasse et papillon. Destin\u00e9es aux nageurs ayant d\u00e9j\u00e0 les bases, ces s\u00e9ances visent \u00e0 affiner la technique, am\u00e9liorer l'endurance et optimiser l'efficacit\u00e9 dans l'eau.\\nEncadr\u00e9s par des entra\u00eeneurs exp\u00e9riment\u00e9s, les cours se concentrent sur la coordination, la respiration et la posture pour des performances accrues. Que ce soit pour le loisir ou la pr\u00e9paration \u00e0 des comp\u00e9titions, ces sessions s'adaptent \u00e0 tous les niveaux de perfectionnement.\\nContactez-nous pour en savoir plus.\\nNiveaux de Comp\u00e9tition\\n    Horizons (7-9 ans) : Introduction ludique \u00e0 la comp\u00e9tition, avec un apprentissage des bases essentielles.\\n    Avenirs (10-11 ans) : Premier engagement s\u00e9rieux dans la pratique comp\u00e9titive, avec un accent sur la discipline et l'am\u00e9lioration des performances.\\n    Benjamins (12-13 ans) : Perfectionnement technique et pr\u00e9paration \u00e0 des comp\u00e9titions plus exigeantes.\\n    Juniors \u00c9lites (14-17 ans) : Entra\u00eenement intensif pour atteindre un niveau avanc\u00e9 et participer \u00e0 des comp\u00e9titions de haut niveau.\\nChaque cat\u00e9gorie b\u00e9n\u00e9ficie d'un encadrement adapt\u00e9 et d'entra\u00eenements cibl\u00e9s pour d\u00e9velopper performances, technique et endurance.\",\n  \"brand\": {\n    \"@type\": \"Brand\",\n    \"name\": \"CATS natation\"\n  },\n  \"offers\": {\n    \"@type\": \"Offer\",\n    \"url\": \"https:\/\/catsnatation.re\/boutiquenatation\/produit\/cours-ecole-natation-enfant-97410\/\",\n    \"priceCurrency\": \"EUR\",\n    \"price\": \"277\"\n  },\n  \"aggregateRating\": {\n    \"@type\": \"AggregateRating\",\n    \"ratingValue\": \"5\",\n    \"reviewCount\": \"128\"\n  }\n}\n<\/script><\/p>\n","protected":false},"excerpt":{"rendered":"<div class=\"group\/conversation-turn relative flex w-full min-w-0 flex-col agent-turn\">\n<div class=\"flex-col gap-1 md:gap-3\">\n<div class=\"flex max-w-full flex-col flex-grow\">\n<div class=\"min-h-8 text-message flex w-full flex-col items-end gap-2 whitespace-normal break-words [.text-message+&amp;]:mt-5\" dir=\"auto\" data-message-author-role=\"assistant\" data-message-id=\"2cd4a299-2237-4ac3-a427-b5593ff56178\" data-message-model-slug=\"gpt-4o\">\n<div class=\"flex w-full flex-col gap-1 empty:hidden first:pt-[3px]\">\n<div class=\"markdown prose w-full break-words dark:prose-invert light\">\n<p>CATS Natation propose des cours pour adultes d\u00e9di\u00e9s au perfectionnement des quatre nages (crawl, dos, brasse, papillon). Encadr\u00e9s par des coachs exp\u00e9riment\u00e9s, ces sessions am\u00e9liorent technique, endurance et fluidit\u00e9, adapt\u00e9s \u00e0 tous vos objectifs.<\/p>\n<\/div>\n<\/div>\n<\/div>\n<\/div>\n<\/div>\n<\/div>\n<p><a href=\"https:\/\/catsnatation.re\/contact-club-cats-natation\/\" target=\"_blank\" rel=\"noopener\"><strong>Contactez-nous pour en savoir plus.<\/strong><\/a><\/p>\n","protected":false},"featured_media":122,"template":"","meta":{"site-sidebar-layout":"default","site-content-layout":"","ast-site-content-layout":"default","site-content-style":"default","site-sidebar-style":"default","ast-global-header-display":"","ast-banner-title-visibility":"","ast-main-header-display":"","ast-hfb-above-header-display":"","ast-hfb-below-header-display":"","ast-hfb-mobile-header-display":"","site-post-title":"","ast-breadcrumbs-content":"","ast-featured-img":"","footer-sml-layout":"","ast-disable-related-posts":"","theme-transparent-header-meta":"default","adv-header-id-meta":"","stick-header-meta":"","header-above-stick-meta":"","header-main-stick-meta":"","header-below-stick-meta":"","astra-migrate-meta-layouts":"set","ast-page-background-enabled":"default","ast-page-background-meta":{"desktop":{"background-color":"var(--ast-global-color-4)","background-image":"","background-repeat":"repeat","background-position":"center center","background-size":"auto","background-attachment":"scroll","background-type":"","background-media":"","overlay-type":"","overlay-color":"","overlay-opacity":"","overlay-gradient":""},"tablet":{"background-color":"","background-image":"","background-repeat":"repeat","background-position":"center center","background-size":"auto","background-attachment":"scroll","background-type":"","background-media":"","overlay-type":"","overlay-color":"","overlay-opacity":"","overlay-gradient":""},"mobile":{"background-color":"","background-image":"","background-repeat":"repeat","background-position":"center center","background-size":"auto","background-attachment":"scroll","background-type":"","background-media":"","overlay-type":"","overlay-color":"","overlay-opacity":"","overlay-gradient":""}},"ast-content-background-meta":{"desktop":{"background-color":"var(--ast-global-color-5)","background-image":"","background-repeat":"repeat","background-position":"center center","background-size":"auto","background-attachment":"scroll","background-type":"","background-media":"","overlay-type":"","overlay-color":"","overlay-opacity":"","overlay-gradient":""},"tablet":{"background-color":"var(--ast-global-color-5)","background-image":"","background-repeat":"repeat","background-position":"center center","background-size":"auto","background-attachment":"scroll","background-type":"","background-media":"","overlay-type":"","overlay-color":"","overlay-opacity":"","overlay-gradient":""},"mobile":{"background-color":"var(--ast-global-color-5)","background-image":"","background-repeat":"repeat","background-position":"center center","background-size":"auto","background-attachment":"scroll","background-type":"","background-media":"","overlay-type":"","overlay-color":"","overlay-opacity":"","overlay-gradient":""}}},"product_brand":[],"product_cat":[18],"product_tag":[],"class_list":{"0":"post-126","1":"product","2":"type-product","3":"status-publish","4":"has-post-thumbnail","6":"product_cat-cours-natation-97410","7":"desktop-align-left","8":"tablet-align-left","9":"mobile-align-left","11":"first","12":"instock","13":"taxable","14":"shipping-taxable","15":"product-type-simple"},"yoast_head":"<!-- This site is optimized with the Yoast SEO plugin v26.7 - https:\/\/yoast.com\/wordpress\/plugins\/seo\/ -->\n<title>Cours de natation adultes 97410 Saint Pierre - Boutique CATS Natation<\/title>\n<meta name=\"description\" content=\"Le club CATS Natation propose des cours de natation pour adultes, afin de perfectionner les 4 nages, encadr\u00e9s par des coachs qualifi\u00e9s.\" \/>\n<meta name=\"robots\" content=\"index, follow, max-snippet:-1, max-image-preview:large, max-video-preview:-1\" \/>\n<link rel=\"canonical\" href=\"https:\/\/catsnatation.re\/boutiquenatation\/produit\/cours-natation-adultes-97410\/\" \/>\n<meta property=\"og:locale\" content=\"fr_FR\" \/>\n<meta property=\"og:type\" content=\"article\" \/>\n<meta property=\"og:title\" content=\"Cours de natation adultes 97410 Saint Pierre - Boutique CATS Natation\" \/>\n<meta property=\"og:description\" content=\"Le club CATS Natation propose des cours de natation pour adultes, afin de perfectionner les 4 nages, encadr\u00e9s par des coachs qualifi\u00e9s.\" \/>\n<meta property=\"og:url\" content=\"https:\/\/catsnatation.re\/boutiquenatation\/produit\/cours-natation-adultes-97410\/\" \/>\n<meta property=\"og:site_name\" content=\"Boutique CATS Natation\" \/>\n<meta property=\"article:publisher\" content=\"https:\/\/www.facebook.com\/catsnatation97410\/\" \/>\n<meta property=\"article:modified_time\" content=\"2025-02-09T14:09:57+00:00\" \/>\n<meta property=\"og:image\" content=\"https:\/\/catsnatation.re\/boutiquenatation\/wp-content\/uploads\/2024\/12\/cours-natation-adultes-97410.webp\" \/>\n\t<meta property=\"og:image:width\" content=\"300\" \/>\n\t<meta property=\"og:image:height\" content=\"300\" \/>\n\t<meta property=\"og:image:type\" content=\"image\/webp\" \/>\n<meta name=\"twitter:card\" content=\"summary_large_image\" \/>\n<meta name=\"twitter:label1\" content=\"Dur\u00e9e de lecture estim\u00e9e\" \/>\n\t<meta name=\"twitter:data1\" content=\"1 minute\" \/>\n<script type=\"application\/ld+json\" class=\"yoast-schema-graph\">{\"@context\":\"https:\/\/schema.org\",\"@graph\":[{\"@type\":\"WebPage\",\"@id\":\"https:\/\/catsnatation.re\/boutiquenatation\/produit\/cours-natation-adultes-97410\/\",\"url\":\"https:\/\/catsnatation.re\/boutiquenatation\/produit\/cours-natation-adultes-97410\/\",\"name\":\"Cours de natation adultes 97410 Saint Pierre - Boutique CATS Natation\",\"isPartOf\":{\"@id\":\"https:\/\/catsnatation.re\/boutiquenatation\/#website\"},\"primaryImageOfPage\":{\"@id\":\"https:\/\/catsnatation.re\/boutiquenatation\/produit\/cours-natation-adultes-97410\/#primaryimage\"},\"image\":{\"@id\":\"https:\/\/catsnatation.re\/boutiquenatation\/produit\/cours-natation-adultes-97410\/#primaryimage\"},\"thumbnailUrl\":\"https:\/\/catsnatation.re\/boutiquenatation\/wp-content\/uploads\/2024\/12\/cours-natation-adultes-97410.webp\",\"datePublished\":\"2024-12-04T06:04:10+00:00\",\"dateModified\":\"2025-02-09T14:09:57+00:00\",\"description\":\"Le club CATS Natation propose des cours de natation pour adultes, afin de perfectionner les 4 nages, encadr\u00e9s par des coachs qualifi\u00e9s.\",\"breadcrumb\":{\"@id\":\"https:\/\/catsnatation.re\/boutiquenatation\/produit\/cours-natation-adultes-97410\/#breadcrumb\"},\"inLanguage\":\"fr-FR\",\"potentialAction\":[{\"@type\":\"ReadAction\",\"target\":[\"https:\/\/catsnatation.re\/boutiquenatation\/produit\/cours-natation-adultes-97410\/\"]}]},{\"@type\":\"ImageObject\",\"inLanguage\":\"fr-FR\",\"@id\":\"https:\/\/catsnatation.re\/boutiquenatation\/produit\/cours-natation-adultes-97410\/#primaryimage\",\"url\":\"https:\/\/catsnatation.re\/boutiquenatation\/wp-content\/uploads\/2024\/12\/cours-natation-adultes-97410.webp\",\"contentUrl\":\"https:\/\/catsnatation.re\/boutiquenatation\/wp-content\/uploads\/2024\/12\/cours-natation-adultes-97410.webp\",\"width\":300,\"height\":300,\"caption\":\"cours-natation-adultes-97410\"},{\"@type\":\"BreadcrumbList\",\"@id\":\"https:\/\/catsnatation.re\/boutiquenatation\/produit\/cours-natation-adultes-97410\/#breadcrumb\",\"itemListElement\":[{\"@type\":\"ListItem\",\"position\":1,\"name\":\"Store\",\"item\":\"https:\/\/catsnatation.re\/boutiquenatation\/\"},{\"@type\":\"ListItem\",\"position\":2,\"name\":\"Boutique\",\"item\":\"https:\/\/catsnatation.re\/boutiquenatation\/boutique\/\"},{\"@type\":\"ListItem\",\"position\":3,\"name\":\"Cours de natation adultes Saint Pierre\"}]},{\"@type\":\"WebSite\",\"@id\":\"https:\/\/catsnatation.re\/boutiquenatation\/#website\",\"url\":\"https:\/\/catsnatation.re\/boutiquenatation\/\",\"name\":\"Boutique natation du club CATS\",\"description\":\"\",\"publisher\":{\"@id\":\"https:\/\/catsnatation.re\/boutiquenatation\/#organization\"},\"potentialAction\":[{\"@type\":\"SearchAction\",\"target\":{\"@type\":\"EntryPoint\",\"urlTemplate\":\"https:\/\/catsnatation.re\/boutiquenatation\/?s={search_term_string}\"},\"query-input\":{\"@type\":\"PropertyValueSpecification\",\"valueRequired\":true,\"valueName\":\"search_term_string\"}}],\"inLanguage\":\"fr-FR\"},{\"@type\":\"Organization\",\"@id\":\"https:\/\/catsnatation.re\/boutiquenatation\/#organization\",\"name\":\"Cercle Aquatique de Terre Sainte Boutique\",\"url\":\"https:\/\/catsnatation.re\/boutiquenatation\/\",\"logo\":{\"@type\":\"ImageObject\",\"inLanguage\":\"fr-FR\",\"@id\":\"https:\/\/catsnatation.re\/boutiquenatation\/#\/schema\/logo\/image\/\",\"url\":\"https:\/\/catsnatation.re\/boutiquenatation\/wp-content\/uploads\/2024\/12\/Flavicon-CATS-Shop.webp\",\"contentUrl\":\"https:\/\/catsnatation.re\/boutiquenatation\/wp-content\/uploads\/2024\/12\/Flavicon-CATS-Shop.webp\",\"width\":300,\"height\":300,\"caption\":\"Cercle Aquatique de Terre Sainte Boutique\"},\"image\":{\"@id\":\"https:\/\/catsnatation.re\/boutiquenatation\/#\/schema\/logo\/image\/\"},\"sameAs\":[\"https:\/\/www.facebook.com\/catsnatation97410\/\"]}]}<\/script>\n<!-- \/ Yoast SEO plugin. -->","yoast_head_json":{"title":"Cours de natation adultes 97410 Saint Pierre - Boutique CATS Natation","description":"Le club CATS Natation propose des cours de natation pour adultes, afin de perfectionner les 4 nages, encadr\u00e9s par des coachs qualifi\u00e9s.","robots":{"index":"index","follow":"follow","max-snippet":"max-snippet:-1","max-image-preview":"max-image-preview:large","max-video-preview":"max-video-preview:-1"},"canonical":"https:\/\/catsnatation.re\/boutiquenatation\/produit\/cours-natation-adultes-97410\/","og_locale":"fr_FR","og_type":"article","og_title":"Cours de natation adultes 97410 Saint Pierre - Boutique CATS Natation","og_description":"Le club CATS Natation propose des cours de natation pour adultes, afin de perfectionner les 4 nages, encadr\u00e9s par des coachs qualifi\u00e9s.","og_url":"https:\/\/catsnatation.re\/boutiquenatation\/produit\/cours-natation-adultes-97410\/","og_site_name":"Boutique CATS Natation","article_publisher":"https:\/\/www.facebook.com\/catsnatation97410\/","article_modified_time":"2025-02-09T14:09:57+00:00","og_image":[{"width":300,"height":300,"url":"https:\/\/catsnatation.re\/boutiquenatation\/wp-content\/uploads\/2024\/12\/cours-natation-adultes-97410.webp","type":"image\/webp"}],"twitter_card":"summary_large_image","twitter_misc":{"Dur\u00e9e de lecture estim\u00e9e":"1 minute"},"schema":{"@context":"https:\/\/schema.org","@graph":[{"@type":"WebPage","@id":"https:\/\/catsnatation.re\/boutiquenatation\/produit\/cours-natation-adultes-97410\/","url":"https:\/\/catsnatation.re\/boutiquenatation\/produit\/cours-natation-adultes-97410\/","name":"Cours de natation adultes 97410 Saint Pierre - Boutique CATS Natation","isPartOf":{"@id":"https:\/\/catsnatation.re\/boutiquenatation\/#website"},"primaryImageOfPage":{"@id":"https:\/\/catsnatation.re\/boutiquenatation\/produit\/cours-natation-adultes-97410\/#primaryimage"},"image":{"@id":"https:\/\/catsnatation.re\/boutiquenatation\/produit\/cours-natation-adultes-97410\/#primaryimage"},"thumbnailUrl":"https:\/\/catsnatation.re\/boutiquenatation\/wp-content\/uploads\/2024\/12\/cours-natation-adultes-97410.webp","datePublished":"2024-12-04T06:04:10+00:00","dateModified":"2025-02-09T14:09:57+00:00","description":"Le club CATS Natation propose des cours de natation pour adultes, afin de perfectionner les 4 nages, encadr\u00e9s par des coachs qualifi\u00e9s.","breadcrumb":{"@id":"https:\/\/catsnatation.re\/boutiquenatation\/produit\/cours-natation-adultes-97410\/#breadcrumb"},"inLanguage":"fr-FR","potentialAction":[{"@type":"ReadAction","target":["https:\/\/catsnatation.re\/boutiquenatation\/produit\/cours-natation-adultes-97410\/"]}]},{"@type":"ImageObject","inLanguage":"fr-FR","@id":"https:\/\/catsnatation.re\/boutiquenatation\/produit\/cours-natation-adultes-97410\/#primaryimage","url":"https:\/\/catsnatation.re\/boutiquenatation\/wp-content\/uploads\/2024\/12\/cours-natation-adultes-97410.webp","contentUrl":"https:\/\/catsnatation.re\/boutiquenatation\/wp-content\/uploads\/2024\/12\/cours-natation-adultes-97410.webp","width":300,"height":300,"caption":"cours-natation-adultes-97410"},{"@type":"BreadcrumbList","@id":"https:\/\/catsnatation.re\/boutiquenatation\/produit\/cours-natation-adultes-97410\/#breadcrumb","itemListElement":[{"@type":"ListItem","position":1,"name":"Store","item":"https:\/\/catsnatation.re\/boutiquenatation\/"},{"@type":"ListItem","position":2,"name":"Boutique","item":"https:\/\/catsnatation.re\/boutiquenatation\/boutique\/"},{"@type":"ListItem","position":3,"name":"Cours de natation adultes Saint Pierre"}]},{"@type":"WebSite","@id":"https:\/\/catsnatation.re\/boutiquenatation\/#website","url":"https:\/\/catsnatation.re\/boutiquenatation\/","name":"Boutique natation du club CATS","description":"","publisher":{"@id":"https:\/\/catsnatation.re\/boutiquenatation\/#organization"},"potentialAction":[{"@type":"SearchAction","target":{"@type":"EntryPoint","urlTemplate":"https:\/\/catsnatation.re\/boutiquenatation\/?s={search_term_string}"},"query-input":{"@type":"PropertyValueSpecification","valueRequired":true,"valueName":"search_term_string"}}],"inLanguage":"fr-FR"},{"@type":"Organization","@id":"https:\/\/catsnatation.re\/boutiquenatation\/#organization","name":"Cercle Aquatique de Terre Sainte Boutique","url":"https:\/\/catsnatation.re\/boutiquenatation\/","logo":{"@type":"ImageObject","inLanguage":"fr-FR","@id":"https:\/\/catsnatation.re\/boutiquenatation\/#\/schema\/logo\/image\/","url":"https:\/\/catsnatation.re\/boutiquenatation\/wp-content\/uploads\/2024\/12\/Flavicon-CATS-Shop.webp","contentUrl":"https:\/\/catsnatation.re\/boutiquenatation\/wp-content\/uploads\/2024\/12\/Flavicon-CATS-Shop.webp","width":300,"height":300,"caption":"Cercle Aquatique de Terre Sainte Boutique"},"image":{"@id":"https:\/\/catsnatation.re\/boutiquenatation\/#\/schema\/logo\/image\/"},"sameAs":["https:\/\/www.facebook.com\/catsnatation97410\/"]}]}},"_links":{"self":[{"href":"https:\/\/catsnatation.re\/boutiquenatation\/wp-json\/wp\/v2\/product\/126","targetHints":{"allow":["GET"]}}],"collection":[{"href":"https:\/\/catsnatation.re\/boutiquenatation\/wp-json\/wp\/v2\/product"}],"about":[{"href":"https:\/\/catsnatation.re\/boutiquenatation\/wp-json\/wp\/v2\/types\/product"}],"wp:featuredmedia":[{"embeddable":true,"href":"https:\/\/catsnatation.re\/boutiquenatation\/wp-json\/wp\/v2\/media\/122"}],"wp:attachment":[{"href":"https:\/\/catsnatation.re\/boutiquenatation\/wp-json\/wp\/v2\/media?parent=126"}],"wp:term":[{"taxonomy":"product_brand","embeddable":true,"href":"https:\/\/catsnatation.re\/boutiquenatation\/wp-json\/wp\/v2\/product_brand?post=126"},{"taxonomy":"product_cat","embeddable":true,"href":"https:\/\/catsnatation.re\/boutiquenatation\/wp-json\/wp\/v2\/product_cat?post=126"},{"taxonomy":"product_tag","embeddable":true,"href":"https:\/\/catsnatation.re\/boutiquenatation\/wp-json\/wp\/v2\/product_tag?post=126"}],"curies":[{"name":"wp","href":"https:\/\/api.w.org\/{rel}","templated":true}]}}