{"id":656,"date":"2026-01-11T06:00:07","date_gmt":"2026-01-11T06:00:07","guid":{"rendered":"https:\/\/catsnatation.re\/boutiquenatation\/?post_type=product&#038;p=656"},"modified":"2026-01-13T04:38:09","modified_gmt":"2026-01-13T04:38:09","slug":"cours-aisance-aquatique-terre-sainte","status":"publish","type":"product","link":"https:\/\/catsnatation.re\/boutiquenatation\/produit\/cours-aisance-aquatique-terre-sainte\/","title":{"rendered":"Apprentis de l&#8217;eau"},"content":{"rendered":"","protected":false},"excerpt":{"rendered":"<p>*** COURS POUR ADULTES ***<\/p>\n<p><!-- ======================================================= -->D\u00e9couvrez Les Apprentis de l&#8217;Eau, le nouveau programme du CATS con\u00e7u pour vous r\u00e9concilier avec la piscine. Oubliez le stress : ici, l&#8217;objectif est de gagner en aisance et en confiance, le tout dans une ambiance fun et bienveillante. Progressez \u00e0 votre rythme \u00e0 la piscine de Terre Sainte, encadr\u00e9 par des professionnels \u00e0 l&#8217;\u00e9coute.<br \/>\n<!-- BOUTON D'INSCRIPTION ISOL\u00c9 --><br \/>\n<!-- ======================================================= --><\/p>\n<style>\n    \/* Animation de pulsation (Clignotement doux) *\/<br \/>    @keyframes cats-btn-pulse {<br \/>        0% {<br \/>            transform: scale(1);<br \/>            box-shadow: 0 2px 5px rgba(220, 38, 38, 0.3);<br \/>        }<br \/>        50% {<br \/>            transform: scale(1.08); \/* Grossit l\u00e9g\u00e8rement *\/<br \/>            box-shadow: 0 5px 15px rgba(220, 38, 38, 0.5); \/* L'ombre s'intensifie *\/<br \/>        }<br \/>        100% {<br \/>            transform: scale(1);<br \/>            box-shadow: 0 2px 5px rgba(220, 38, 38, 0.3);<br \/>        }<br \/>    }<\/p>\n<p>    .cats-btn-action {<br \/>        background-color: #dc2626; \/* Rouge *\/<br \/>        color: white !important;<br \/>        text-decoration: none !important;<br \/>        font-family: -apple-system, BlinkMacSystemFont, \"Segoe UI\", Roboto, Helvetica, Arial, sans-serif;<br \/>        font-size: 11px;<br \/>        font-weight: 700;<br \/>        text-transform: uppercase;<br \/>        padding: 8px 16px; \/* Un peu plus d'espace pour un bouton seul *\/<br \/>        border-radius: 99px;<\/p>\n<p>        \/* Animation : dur\u00e9e 1.5s, r\u00e9p\u00e9tition infinie *\/<br \/>        animation: cats-btn-pulse 1.5s infinite ease-in-out;<\/p>\n<p>        transition: background-color 0.2s;<br \/>        box-shadow: 0 2px 5px rgba(220, 38, 38, 0.3);<br \/>        display: inline-block;<br \/>        border: none;<br \/>        cursor: pointer;<br \/>        line-height: 1;<br \/>    }<\/p>\n<p>    \/* Arr\u00eat de l'animation au survol pour faciliter le clic *\/<br \/>    .cats-btn-action:hover {<br \/>        animation: none;<br \/>        background-color: #b91c1c;<br \/>        transform: translateY(-1px);<br \/>    }<br \/><\/style>\n<p><!-- Le Bouton --><br \/>\n<a class=\"cats-btn-action\" href=\"mailto:cercleaquatiqueterresainte@gmail.com?subject=Inscription%20Apprentis%20de%20l'eau&amp;body=Bonjour,%0D%0A%0D%0ANom%20:%20%0D%0APr\u00e9nom%20:%20%0D%0AAnn\u00e9e%20de%20naissance%20:%20\" target=\"_blank\" rel=\"noopener\"><br \/>\nS&#8217;INSCRIRE<br \/>\n<\/a><\/p>\n","protected":false},"featured_media":657,"template":"","meta":{"site-sidebar-layout":"default","site-content-layout":"","ast-site-content-layout":"default","site-content-style":"default","site-sidebar-style":"default","ast-global-header-display":"","ast-banner-title-visibility":"","ast-main-header-display":"","ast-hfb-above-header-display":"","ast-hfb-below-header-display":"","ast-hfb-mobile-header-display":"","site-post-title":"","ast-breadcrumbs-content":"","ast-featured-img":"","footer-sml-layout":"","ast-disable-related-posts":"","theme-transparent-header-meta":"default","adv-header-id-meta":"","stick-header-meta":"","header-above-stick-meta":"","header-main-stick-meta":"","header-below-stick-meta":"","astra-migrate-meta-layouts":"set","ast-page-background-enabled":"default","ast-page-background-meta":{"desktop":{"background-color":"var(--ast-global-color-4)","background-image":"","background-repeat":"repeat","background-position":"center center","background-size":"auto","background-attachment":"scroll","background-type":"","background-media":"","overlay-type":"","overlay-color":"","overlay-opacity":"","overlay-gradient":""},"tablet":{"background-color":"","background-image":"","background-repeat":"repeat","background-position":"center center","background-size":"auto","background-attachment":"scroll","background-type":"","background-media":"","overlay-type":"","overlay-color":"","overlay-opacity":"","overlay-gradient":""},"mobile":{"background-color":"","background-image":"","background-repeat":"repeat","background-position":"center center","background-size":"auto","background-attachment":"scroll","background-type":"","background-media":"","overlay-type":"","overlay-color":"","overlay-opacity":"","overlay-gradient":""}},"ast-content-background-meta":{"desktop":{"background-color":"var(--ast-global-color-5)","background-image":"","background-repeat":"repeat","background-position":"center center","background-size":"auto","background-attachment":"scroll","background-type":"","background-media":"","overlay-type":"","overlay-color":"","overlay-opacity":"","overlay-gradient":""},"tablet":{"background-color":"var(--ast-global-color-5)","background-image":"","background-repeat":"repeat","background-position":"center center","background-size":"auto","background-attachment":"scroll","background-type":"","background-media":"","overlay-type":"","overlay-color":"","overlay-opacity":"","overlay-gradient":""},"mobile":{"background-color":"var(--ast-global-color-5)","background-image":"","background-repeat":"repeat","background-position":"center center","background-size":"auto","background-attachment":"scroll","background-type":"","background-media":"","overlay-type":"","overlay-color":"","overlay-opacity":"","overlay-gradient":""}}},"product_brand":[],"product_cat":[18],"product_tag":[],"class_list":{"0":"post-656","1":"product","2":"type-product","3":"status-publish","4":"has-post-thumbnail","6":"product_cat-cours-natation-97410","7":"desktop-align-left","8":"tablet-align-left","9":"mobile-align-left","11":"first","12":"instock","13":"taxable","14":"shipping-taxable","15":"product-type-simple"},"yoast_head":"<!-- This site is optimized with the Yoast SEO plugin v26.7 - https:\/\/yoast.com\/wordpress\/plugins\/seo\/ -->\n<title>Apprentis de l&#039;eau - Boutique CATS Natation<\/title>\n<meta name=\"description\" content=\"Nagez sans stress \u00e0 Terre Sainte ! Rejoignez les Apprentis de l&#039;Eau : confiance et fun garantis au CATS. Places limit\u00e9es, inscrivez-vous !\" \/>\n<meta name=\"robots\" content=\"index, follow, max-snippet:-1, max-image-preview:large, max-video-preview:-1\" \/>\n<link rel=\"canonical\" href=\"https:\/\/catsnatation.re\/boutiquenatation\/produit\/cours-aisance-aquatique-terre-sainte\/\" \/>\n<meta property=\"og:locale\" content=\"fr_FR\" \/>\n<meta property=\"og:type\" content=\"article\" \/>\n<meta property=\"og:title\" content=\"Apprentis de l&#039;eau - Boutique CATS Natation\" \/>\n<meta property=\"og:description\" content=\"Nagez sans stress \u00e0 Terre Sainte ! Rejoignez les Apprentis de l&#039;Eau : confiance et fun garantis au CATS. Places limit\u00e9es, inscrivez-vous !\" \/>\n<meta property=\"og:url\" content=\"https:\/\/catsnatation.re\/boutiquenatation\/produit\/cours-aisance-aquatique-terre-sainte\/\" \/>\n<meta property=\"og:site_name\" content=\"Boutique CATS Natation\" \/>\n<meta property=\"article:publisher\" content=\"https:\/\/www.facebook.com\/catsnatation97410\/\" \/>\n<meta property=\"article:modified_time\" content=\"2026-01-13T04:38:09+00:00\" \/>\n<meta property=\"og:image\" content=\"https:\/\/catsnatation.re\/boutiquenatation\/wp-content\/uploads\/2026\/01\/Les-apprentis-de-leau-.webp\" \/>\n\t<meta property=\"og:image:width\" content=\"400\" \/>\n\t<meta property=\"og:image:height\" content=\"337\" \/>\n\t<meta property=\"og:image:type\" content=\"image\/webp\" \/>\n<meta name=\"twitter:card\" content=\"summary_large_image\" \/>\n<meta name=\"twitter:label1\" content=\"Dur\u00e9e de lecture estim\u00e9e\" \/>\n\t<meta name=\"twitter:data1\" content=\"1 minute\" \/>\n<script type=\"application\/ld+json\" class=\"yoast-schema-graph\">{\"@context\":\"https:\/\/schema.org\",\"@graph\":[{\"@type\":\"WebPage\",\"@id\":\"https:\/\/catsnatation.re\/boutiquenatation\/produit\/cours-aisance-aquatique-terre-sainte\/\",\"url\":\"https:\/\/catsnatation.re\/boutiquenatation\/produit\/cours-aisance-aquatique-terre-sainte\/\",\"name\":\"Apprentis de l'eau - Boutique CATS Natation\",\"isPartOf\":{\"@id\":\"https:\/\/catsnatation.re\/boutiquenatation\/#website\"},\"primaryImageOfPage\":{\"@id\":\"https:\/\/catsnatation.re\/boutiquenatation\/produit\/cours-aisance-aquatique-terre-sainte\/#primaryimage\"},\"image\":{\"@id\":\"https:\/\/catsnatation.re\/boutiquenatation\/produit\/cours-aisance-aquatique-terre-sainte\/#primaryimage\"},\"thumbnailUrl\":\"https:\/\/catsnatation.re\/boutiquenatation\/wp-content\/uploads\/2026\/01\/Les-apprentis-de-leau-.webp\",\"datePublished\":\"2026-01-11T06:00:07+00:00\",\"dateModified\":\"2026-01-13T04:38:09+00:00\",\"description\":\"Nagez sans stress \u00e0 Terre Sainte ! Rejoignez les Apprentis de l'Eau : confiance et fun garantis au CATS. Places limit\u00e9es, inscrivez-vous !\",\"breadcrumb\":{\"@id\":\"https:\/\/catsnatation.re\/boutiquenatation\/produit\/cours-aisance-aquatique-terre-sainte\/#breadcrumb\"},\"inLanguage\":\"fr-FR\",\"potentialAction\":[{\"@type\":\"ReadAction\",\"target\":[\"https:\/\/catsnatation.re\/boutiquenatation\/produit\/cours-aisance-aquatique-terre-sainte\/\"]}]},{\"@type\":\"ImageObject\",\"inLanguage\":\"fr-FR\",\"@id\":\"https:\/\/catsnatation.re\/boutiquenatation\/produit\/cours-aisance-aquatique-terre-sainte\/#primaryimage\",\"url\":\"https:\/\/catsnatation.re\/boutiquenatation\/wp-content\/uploads\/2026\/01\/Les-apprentis-de-leau-.webp\",\"contentUrl\":\"https:\/\/catsnatation.re\/boutiquenatation\/wp-content\/uploads\/2026\/01\/Les-apprentis-de-leau-.webp\",\"width\":400,\"height\":337,\"caption\":\"Les apprentis de l'eau\"},{\"@type\":\"BreadcrumbList\",\"@id\":\"https:\/\/catsnatation.re\/boutiquenatation\/produit\/cours-aisance-aquatique-terre-sainte\/#breadcrumb\",\"itemListElement\":[{\"@type\":\"ListItem\",\"position\":1,\"name\":\"Store\",\"item\":\"https:\/\/catsnatation.re\/boutiquenatation\/\"},{\"@type\":\"ListItem\",\"position\":2,\"name\":\"Boutique\",\"item\":\"https:\/\/catsnatation.re\/boutiquenatation\/boutique\/\"},{\"@type\":\"ListItem\",\"position\":3,\"name\":\"Apprentis de l&#8217;eau\"}]},{\"@type\":\"WebSite\",\"@id\":\"https:\/\/catsnatation.re\/boutiquenatation\/#website\",\"url\":\"https:\/\/catsnatation.re\/boutiquenatation\/\",\"name\":\"Boutique natation du club CATS\",\"description\":\"\",\"publisher\":{\"@id\":\"https:\/\/catsnatation.re\/boutiquenatation\/#organization\"},\"potentialAction\":[{\"@type\":\"SearchAction\",\"target\":{\"@type\":\"EntryPoint\",\"urlTemplate\":\"https:\/\/catsnatation.re\/boutiquenatation\/?s={search_term_string}\"},\"query-input\":{\"@type\":\"PropertyValueSpecification\",\"valueRequired\":true,\"valueName\":\"search_term_string\"}}],\"inLanguage\":\"fr-FR\"},{\"@type\":\"Organization\",\"@id\":\"https:\/\/catsnatation.re\/boutiquenatation\/#organization\",\"name\":\"Cercle Aquatique de Terre Sainte Boutique\",\"url\":\"https:\/\/catsnatation.re\/boutiquenatation\/\",\"logo\":{\"@type\":\"ImageObject\",\"inLanguage\":\"fr-FR\",\"@id\":\"https:\/\/catsnatation.re\/boutiquenatation\/#\/schema\/logo\/image\/\",\"url\":\"https:\/\/catsnatation.re\/boutiquenatation\/wp-content\/uploads\/2024\/12\/Flavicon-CATS-Shop.webp\",\"contentUrl\":\"https:\/\/catsnatation.re\/boutiquenatation\/wp-content\/uploads\/2024\/12\/Flavicon-CATS-Shop.webp\",\"width\":300,\"height\":300,\"caption\":\"Cercle Aquatique de Terre Sainte Boutique\"},\"image\":{\"@id\":\"https:\/\/catsnatation.re\/boutiquenatation\/#\/schema\/logo\/image\/\"},\"sameAs\":[\"https:\/\/www.facebook.com\/catsnatation97410\/\"]}]}<\/script>\n<!-- \/ Yoast SEO plugin. -->","yoast_head_json":{"title":"Apprentis de l'eau - Boutique CATS Natation","description":"Nagez sans stress \u00e0 Terre Sainte ! Rejoignez les Apprentis de l'Eau : confiance et fun garantis au CATS. Places limit\u00e9es, inscrivez-vous !","robots":{"index":"index","follow":"follow","max-snippet":"max-snippet:-1","max-image-preview":"max-image-preview:large","max-video-preview":"max-video-preview:-1"},"canonical":"https:\/\/catsnatation.re\/boutiquenatation\/produit\/cours-aisance-aquatique-terre-sainte\/","og_locale":"fr_FR","og_type":"article","og_title":"Apprentis de l'eau - Boutique CATS Natation","og_description":"Nagez sans stress \u00e0 Terre Sainte ! Rejoignez les Apprentis de l'Eau : confiance et fun garantis au CATS. Places limit\u00e9es, inscrivez-vous !","og_url":"https:\/\/catsnatation.re\/boutiquenatation\/produit\/cours-aisance-aquatique-terre-sainte\/","og_site_name":"Boutique CATS Natation","article_publisher":"https:\/\/www.facebook.com\/catsnatation97410\/","article_modified_time":"2026-01-13T04:38:09+00:00","og_image":[{"width":400,"height":337,"url":"https:\/\/catsnatation.re\/boutiquenatation\/wp-content\/uploads\/2026\/01\/Les-apprentis-de-leau-.webp","type":"image\/webp"}],"twitter_card":"summary_large_image","twitter_misc":{"Dur\u00e9e de lecture estim\u00e9e":"1 minute"},"schema":{"@context":"https:\/\/schema.org","@graph":[{"@type":"WebPage","@id":"https:\/\/catsnatation.re\/boutiquenatation\/produit\/cours-aisance-aquatique-terre-sainte\/","url":"https:\/\/catsnatation.re\/boutiquenatation\/produit\/cours-aisance-aquatique-terre-sainte\/","name":"Apprentis de l'eau - Boutique CATS Natation","isPartOf":{"@id":"https:\/\/catsnatation.re\/boutiquenatation\/#website"},"primaryImageOfPage":{"@id":"https:\/\/catsnatation.re\/boutiquenatation\/produit\/cours-aisance-aquatique-terre-sainte\/#primaryimage"},"image":{"@id":"https:\/\/catsnatation.re\/boutiquenatation\/produit\/cours-aisance-aquatique-terre-sainte\/#primaryimage"},"thumbnailUrl":"https:\/\/catsnatation.re\/boutiquenatation\/wp-content\/uploads\/2026\/01\/Les-apprentis-de-leau-.webp","datePublished":"2026-01-11T06:00:07+00:00","dateModified":"2026-01-13T04:38:09+00:00","description":"Nagez sans stress \u00e0 Terre Sainte ! Rejoignez les Apprentis de l'Eau : confiance et fun garantis au CATS. Places limit\u00e9es, inscrivez-vous !","breadcrumb":{"@id":"https:\/\/catsnatation.re\/boutiquenatation\/produit\/cours-aisance-aquatique-terre-sainte\/#breadcrumb"},"inLanguage":"fr-FR","potentialAction":[{"@type":"ReadAction","target":["https:\/\/catsnatation.re\/boutiquenatation\/produit\/cours-aisance-aquatique-terre-sainte\/"]}]},{"@type":"ImageObject","inLanguage":"fr-FR","@id":"https:\/\/catsnatation.re\/boutiquenatation\/produit\/cours-aisance-aquatique-terre-sainte\/#primaryimage","url":"https:\/\/catsnatation.re\/boutiquenatation\/wp-content\/uploads\/2026\/01\/Les-apprentis-de-leau-.webp","contentUrl":"https:\/\/catsnatation.re\/boutiquenatation\/wp-content\/uploads\/2026\/01\/Les-apprentis-de-leau-.webp","width":400,"height":337,"caption":"Les apprentis de l'eau"},{"@type":"BreadcrumbList","@id":"https:\/\/catsnatation.re\/boutiquenatation\/produit\/cours-aisance-aquatique-terre-sainte\/#breadcrumb","itemListElement":[{"@type":"ListItem","position":1,"name":"Store","item":"https:\/\/catsnatation.re\/boutiquenatation\/"},{"@type":"ListItem","position":2,"name":"Boutique","item":"https:\/\/catsnatation.re\/boutiquenatation\/boutique\/"},{"@type":"ListItem","position":3,"name":"Apprentis de l&#8217;eau"}]},{"@type":"WebSite","@id":"https:\/\/catsnatation.re\/boutiquenatation\/#website","url":"https:\/\/catsnatation.re\/boutiquenatation\/","name":"Boutique natation du club CATS","description":"","publisher":{"@id":"https:\/\/catsnatation.re\/boutiquenatation\/#organization"},"potentialAction":[{"@type":"SearchAction","target":{"@type":"EntryPoint","urlTemplate":"https:\/\/catsnatation.re\/boutiquenatation\/?s={search_term_string}"},"query-input":{"@type":"PropertyValueSpecification","valueRequired":true,"valueName":"search_term_string"}}],"inLanguage":"fr-FR"},{"@type":"Organization","@id":"https:\/\/catsnatation.re\/boutiquenatation\/#organization","name":"Cercle Aquatique de Terre Sainte Boutique","url":"https:\/\/catsnatation.re\/boutiquenatation\/","logo":{"@type":"ImageObject","inLanguage":"fr-FR","@id":"https:\/\/catsnatation.re\/boutiquenatation\/#\/schema\/logo\/image\/","url":"https:\/\/catsnatation.re\/boutiquenatation\/wp-content\/uploads\/2024\/12\/Flavicon-CATS-Shop.webp","contentUrl":"https:\/\/catsnatation.re\/boutiquenatation\/wp-content\/uploads\/2024\/12\/Flavicon-CATS-Shop.webp","width":300,"height":300,"caption":"Cercle Aquatique de Terre Sainte Boutique"},"image":{"@id":"https:\/\/catsnatation.re\/boutiquenatation\/#\/schema\/logo\/image\/"},"sameAs":["https:\/\/www.facebook.com\/catsnatation97410\/"]}]}},"_links":{"self":[{"href":"https:\/\/catsnatation.re\/boutiquenatation\/wp-json\/wp\/v2\/product\/656","targetHints":{"allow":["GET"]}}],"collection":[{"href":"https:\/\/catsnatation.re\/boutiquenatation\/wp-json\/wp\/v2\/product"}],"about":[{"href":"https:\/\/catsnatation.re\/boutiquenatation\/wp-json\/wp\/v2\/types\/product"}],"wp:featuredmedia":[{"embeddable":true,"href":"https:\/\/catsnatation.re\/boutiquenatation\/wp-json\/wp\/v2\/media\/657"}],"wp:attachment":[{"href":"https:\/\/catsnatation.re\/boutiquenatation\/wp-json\/wp\/v2\/media?parent=656"}],"wp:term":[{"taxonomy":"product_brand","embeddable":true,"href":"https:\/\/catsnatation.re\/boutiquenatation\/wp-json\/wp\/v2\/product_brand?post=656"},{"taxonomy":"product_cat","embeddable":true,"href":"https:\/\/catsnatation.re\/boutiquenatation\/wp-json\/wp\/v2\/product_cat?post=656"},{"taxonomy":"product_tag","embeddable":true,"href":"https:\/\/catsnatation.re\/boutiquenatation\/wp-json\/wp\/v2\/product_tag?post=656"}],"curies":[{"name":"wp","href":"https:\/\/api.w.org\/{rel}","templated":true}]}}