{"id":659,"date":"2026-04-30T14:33:04","date_gmt":"2026-04-30T14:33:04","guid":{"rendered":"https:\/\/catsnatation.re\/boutiquenatation\/?post_type=product&#038;p=659"},"modified":"2026-04-30T14:36:01","modified_gmt":"2026-04-30T14:36:01","slug":"aqua-forme-fitness-cats","status":"publish","type":"product","link":"https:\/\/catsnatation.re\/boutiquenatation\/produit\/aqua-forme-fitness-cats\/","title":{"rendered":"Aquaforme"},"content":{"rendered":"","protected":false},"excerpt":{"rendered":"<p>D\u00e9couvrez nos s\u00e9ances dynamiques combinant aquafitness, renforcement musculaire et circuit training aquatique. Id\u00e9al pour sculpter votre silhouette, am\u00e9liorer votre condition physique et vous d\u00e9penser. Sessions les lundis, mercredis et vendredis \u00e0 18h et 19h \u00e0 la Piscine de Terre Sainte.<\/p>\n<pre><a href=\"https:\/\/catsnatation.re\/contact-club-cats-natation\/\"><em><strong>Inscrivez-vous d\u00e8s maintenant !<\/strong><\/em><\/a><\/pre>\n","protected":false},"featured_media":664,"template":"","meta":{"site-sidebar-layout":"default","site-content-layout":"","ast-site-content-layout":"default","site-content-style":"default","site-sidebar-style":"default","ast-global-header-display":"","ast-banner-title-visibility":"","ast-main-header-display":"","ast-hfb-above-header-display":"","ast-hfb-below-header-display":"","ast-hfb-mobile-header-display":"","site-post-title":"","ast-breadcrumbs-content":"","ast-featured-img":"","footer-sml-layout":"","ast-disable-related-posts":"","theme-transparent-header-meta":"default","adv-header-id-meta":"","stick-header-meta":"","header-above-stick-meta":"","header-main-stick-meta":"","header-below-stick-meta":"","astra-migrate-meta-layouts":"set","ast-page-background-enabled":"default","ast-page-background-meta":{"desktop":{"background-color":"var(--ast-global-color-4)","background-image":"","background-repeat":"repeat","background-position":"center center","background-size":"auto","background-attachment":"scroll","background-type":"","background-media":"","overlay-type":"","overlay-color":"","overlay-opacity":"","overlay-gradient":""},"tablet":{"background-color":"","background-image":"","background-repeat":"repeat","background-position":"center center","background-size":"auto","background-attachment":"scroll","background-type":"","background-media":"","overlay-type":"","overlay-color":"","overlay-opacity":"","overlay-gradient":""},"mobile":{"background-color":"","background-image":"","background-repeat":"repeat","background-position":"center center","background-size":"auto","background-attachment":"scroll","background-type":"","background-media":"","overlay-type":"","overlay-color":"","overlay-opacity":"","overlay-gradient":""}},"ast-content-background-meta":{"desktop":{"background-color":"var(--ast-global-color-5)","background-image":"","background-repeat":"repeat","background-position":"center center","background-size":"auto","background-attachment":"scroll","background-type":"","background-media":"","overlay-type":"","overlay-color":"","overlay-opacity":"","overlay-gradient":""},"tablet":{"background-color":"var(--ast-global-color-5)","background-image":"","background-repeat":"repeat","background-position":"center center","background-size":"auto","background-attachment":"scroll","background-type":"","background-media":"","overlay-type":"","overlay-color":"","overlay-opacity":"","overlay-gradient":""},"mobile":{"background-color":"var(--ast-global-color-5)","background-image":"","background-repeat":"repeat","background-position":"center center","background-size":"auto","background-attachment":"scroll","background-type":"","background-media":"","overlay-type":"","overlay-color":"","overlay-opacity":"","overlay-gradient":""}}},"product_brand":[],"product_cat":[33],"product_tag":[],"class_list":{"0":"post-659","1":"product","2":"type-product","3":"status-publish","4":"has-post-thumbnail","6":"product_cat-aqua-forme-fitness-gym","7":"desktop-align-left","8":"tablet-align-left","9":"mobile-align-left","11":"first","12":"instock","13":"taxable","14":"shipping-taxable","15":"product-type-simple"},"yoast_head":"<!-- This site is optimized with the Yoast SEO plugin v26.7 - https:\/\/yoast.com\/wordpress\/plugins\/seo\/ -->\n<title>Aquaforme - Boutique CATS Natation<\/title>\n<meta name=\"description\" content=\"Boostez votre forme \u00e0 Terre Sainte ! Aquaforce, Aquafitness et Circuit Training les lun\/mer\/ven \u00e0 18h et 19h. L&#039;eau devient r\u00e9sistance.\" \/>\n<meta name=\"robots\" content=\"index, follow, max-snippet:-1, max-image-preview:large, max-video-preview:-1\" \/>\n<link rel=\"canonical\" href=\"https:\/\/catsnatation.re\/boutiquenatation\/produit\/aqua-forme-fitness-cats\/\" \/>\n<meta property=\"og:locale\" content=\"fr_FR\" \/>\n<meta property=\"og:type\" content=\"article\" \/>\n<meta property=\"og:title\" content=\"Aquaforme - Boutique CATS Natation\" \/>\n<meta property=\"og:description\" content=\"Boostez votre forme \u00e0 Terre Sainte ! Aquaforce, Aquafitness et Circuit Training les lun\/mer\/ven \u00e0 18h et 19h. L&#039;eau devient r\u00e9sistance.\" \/>\n<meta property=\"og:url\" content=\"https:\/\/catsnatation.re\/boutiquenatation\/produit\/aqua-forme-fitness-cats\/\" \/>\n<meta property=\"og:site_name\" content=\"Boutique CATS Natation\" \/>\n<meta property=\"article:publisher\" content=\"https:\/\/www.facebook.com\/catsnatation97410\/\" \/>\n<meta property=\"article:modified_time\" content=\"2026-04-30T14:36:01+00:00\" \/>\n<meta property=\"og:image\" content=\"https:\/\/catsnatation.re\/boutiquenatation\/wp-content\/uploads\/2026\/04\/aquaforme-2026.webp\" \/>\n\t<meta property=\"og:image:width\" content=\"600\" \/>\n\t<meta property=\"og:image:height\" content=\"503\" \/>\n\t<meta property=\"og:image:type\" content=\"image\/webp\" \/>\n<meta name=\"twitter:card\" content=\"summary_large_image\" \/>\n<meta name=\"twitter:label1\" content=\"Dur\u00e9e de lecture estim\u00e9e\" \/>\n\t<meta name=\"twitter:data1\" content=\"1 minute\" \/>\n<script type=\"application\/ld+json\" class=\"yoast-schema-graph\">{\"@context\":\"https:\/\/schema.org\",\"@graph\":[{\"@type\":\"WebPage\",\"@id\":\"https:\/\/catsnatation.re\/boutiquenatation\/produit\/aqua-forme-fitness-cats\/\",\"url\":\"https:\/\/catsnatation.re\/boutiquenatation\/produit\/aqua-forme-fitness-cats\/\",\"name\":\"Aquaforme - Boutique CATS Natation\",\"isPartOf\":{\"@id\":\"https:\/\/catsnatation.re\/boutiquenatation\/#website\"},\"primaryImageOfPage\":{\"@id\":\"https:\/\/catsnatation.re\/boutiquenatation\/produit\/aqua-forme-fitness-cats\/#primaryimage\"},\"image\":{\"@id\":\"https:\/\/catsnatation.re\/boutiquenatation\/produit\/aqua-forme-fitness-cats\/#primaryimage\"},\"thumbnailUrl\":\"https:\/\/catsnatation.re\/boutiquenatation\/wp-content\/uploads\/2026\/04\/aquaforme-2026.webp\",\"datePublished\":\"2026-04-30T14:33:04+00:00\",\"dateModified\":\"2026-04-30T14:36:01+00:00\",\"description\":\"Boostez votre forme \u00e0 Terre Sainte ! Aquaforce, Aquafitness et Circuit Training les lun\/mer\/ven \u00e0 18h et 19h. L'eau devient r\u00e9sistance.\",\"breadcrumb\":{\"@id\":\"https:\/\/catsnatation.re\/boutiquenatation\/produit\/aqua-forme-fitness-cats\/#breadcrumb\"},\"inLanguage\":\"fr-FR\",\"potentialAction\":[{\"@type\":\"ReadAction\",\"target\":[\"https:\/\/catsnatation.re\/boutiquenatation\/produit\/aqua-forme-fitness-cats\/\"]}]},{\"@type\":\"ImageObject\",\"inLanguage\":\"fr-FR\",\"@id\":\"https:\/\/catsnatation.re\/boutiquenatation\/produit\/aqua-forme-fitness-cats\/#primaryimage\",\"url\":\"https:\/\/catsnatation.re\/boutiquenatation\/wp-content\/uploads\/2026\/04\/aquaforme-2026.webp\",\"contentUrl\":\"https:\/\/catsnatation.re\/boutiquenatation\/wp-content\/uploads\/2026\/04\/aquaforme-2026.webp\",\"width\":600,\"height\":503,\"caption\":\"aquaforme-2026-CATS-CROCODILE-AQUATIQUE\"},{\"@type\":\"BreadcrumbList\",\"@id\":\"https:\/\/catsnatation.re\/boutiquenatation\/produit\/aqua-forme-fitness-cats\/#breadcrumb\",\"itemListElement\":[{\"@type\":\"ListItem\",\"position\":1,\"name\":\"Store\",\"item\":\"https:\/\/catsnatation.re\/boutiquenatation\/\"},{\"@type\":\"ListItem\",\"position\":2,\"name\":\"Boutique\",\"item\":\"https:\/\/catsnatation.re\/boutiquenatation\/boutique\/\"},{\"@type\":\"ListItem\",\"position\":3,\"name\":\"Aquaforme\"}]},{\"@type\":\"WebSite\",\"@id\":\"https:\/\/catsnatation.re\/boutiquenatation\/#website\",\"url\":\"https:\/\/catsnatation.re\/boutiquenatation\/\",\"name\":\"Boutique natation du club CATS\",\"description\":\"\",\"publisher\":{\"@id\":\"https:\/\/catsnatation.re\/boutiquenatation\/#organization\"},\"potentialAction\":[{\"@type\":\"SearchAction\",\"target\":{\"@type\":\"EntryPoint\",\"urlTemplate\":\"https:\/\/catsnatation.re\/boutiquenatation\/?s={search_term_string}\"},\"query-input\":{\"@type\":\"PropertyValueSpecification\",\"valueRequired\":true,\"valueName\":\"search_term_string\"}}],\"inLanguage\":\"fr-FR\"},{\"@type\":\"Organization\",\"@id\":\"https:\/\/catsnatation.re\/boutiquenatation\/#organization\",\"name\":\"Cercle Aquatique de Terre Sainte Boutique\",\"url\":\"https:\/\/catsnatation.re\/boutiquenatation\/\",\"logo\":{\"@type\":\"ImageObject\",\"inLanguage\":\"fr-FR\",\"@id\":\"https:\/\/catsnatation.re\/boutiquenatation\/#\/schema\/logo\/image\/\",\"url\":\"https:\/\/catsnatation.re\/boutiquenatation\/wp-content\/uploads\/2024\/12\/Flavicon-CATS-Shop.webp\",\"contentUrl\":\"https:\/\/catsnatation.re\/boutiquenatation\/wp-content\/uploads\/2024\/12\/Flavicon-CATS-Shop.webp\",\"width\":300,\"height\":300,\"caption\":\"Cercle Aquatique de Terre Sainte Boutique\"},\"image\":{\"@id\":\"https:\/\/catsnatation.re\/boutiquenatation\/#\/schema\/logo\/image\/\"},\"sameAs\":[\"https:\/\/www.facebook.com\/catsnatation97410\/\"]}]}<\/script>\n<!-- \/ Yoast SEO plugin. -->","yoast_head_json":{"title":"Aquaforme - Boutique CATS Natation","description":"Boostez votre forme \u00e0 Terre Sainte ! Aquaforce, Aquafitness et Circuit Training les lun\/mer\/ven \u00e0 18h et 19h. L'eau devient r\u00e9sistance.","robots":{"index":"index","follow":"follow","max-snippet":"max-snippet:-1","max-image-preview":"max-image-preview:large","max-video-preview":"max-video-preview:-1"},"canonical":"https:\/\/catsnatation.re\/boutiquenatation\/produit\/aqua-forme-fitness-cats\/","og_locale":"fr_FR","og_type":"article","og_title":"Aquaforme - Boutique CATS Natation","og_description":"Boostez votre forme \u00e0 Terre Sainte ! Aquaforce, Aquafitness et Circuit Training les lun\/mer\/ven \u00e0 18h et 19h. L'eau devient r\u00e9sistance.","og_url":"https:\/\/catsnatation.re\/boutiquenatation\/produit\/aqua-forme-fitness-cats\/","og_site_name":"Boutique CATS Natation","article_publisher":"https:\/\/www.facebook.com\/catsnatation97410\/","article_modified_time":"2026-04-30T14:36:01+00:00","og_image":[{"width":600,"height":503,"url":"https:\/\/catsnatation.re\/boutiquenatation\/wp-content\/uploads\/2026\/04\/aquaforme-2026.webp","type":"image\/webp"}],"twitter_card":"summary_large_image","twitter_misc":{"Dur\u00e9e de lecture estim\u00e9e":"1 minute"},"schema":{"@context":"https:\/\/schema.org","@graph":[{"@type":"WebPage","@id":"https:\/\/catsnatation.re\/boutiquenatation\/produit\/aqua-forme-fitness-cats\/","url":"https:\/\/catsnatation.re\/boutiquenatation\/produit\/aqua-forme-fitness-cats\/","name":"Aquaforme - Boutique CATS Natation","isPartOf":{"@id":"https:\/\/catsnatation.re\/boutiquenatation\/#website"},"primaryImageOfPage":{"@id":"https:\/\/catsnatation.re\/boutiquenatation\/produit\/aqua-forme-fitness-cats\/#primaryimage"},"image":{"@id":"https:\/\/catsnatation.re\/boutiquenatation\/produit\/aqua-forme-fitness-cats\/#primaryimage"},"thumbnailUrl":"https:\/\/catsnatation.re\/boutiquenatation\/wp-content\/uploads\/2026\/04\/aquaforme-2026.webp","datePublished":"2026-04-30T14:33:04+00:00","dateModified":"2026-04-30T14:36:01+00:00","description":"Boostez votre forme \u00e0 Terre Sainte ! Aquaforce, Aquafitness et Circuit Training les lun\/mer\/ven \u00e0 18h et 19h. L'eau devient r\u00e9sistance.","breadcrumb":{"@id":"https:\/\/catsnatation.re\/boutiquenatation\/produit\/aqua-forme-fitness-cats\/#breadcrumb"},"inLanguage":"fr-FR","potentialAction":[{"@type":"ReadAction","target":["https:\/\/catsnatation.re\/boutiquenatation\/produit\/aqua-forme-fitness-cats\/"]}]},{"@type":"ImageObject","inLanguage":"fr-FR","@id":"https:\/\/catsnatation.re\/boutiquenatation\/produit\/aqua-forme-fitness-cats\/#primaryimage","url":"https:\/\/catsnatation.re\/boutiquenatation\/wp-content\/uploads\/2026\/04\/aquaforme-2026.webp","contentUrl":"https:\/\/catsnatation.re\/boutiquenatation\/wp-content\/uploads\/2026\/04\/aquaforme-2026.webp","width":600,"height":503,"caption":"aquaforme-2026-CATS-CROCODILE-AQUATIQUE"},{"@type":"BreadcrumbList","@id":"https:\/\/catsnatation.re\/boutiquenatation\/produit\/aqua-forme-fitness-cats\/#breadcrumb","itemListElement":[{"@type":"ListItem","position":1,"name":"Store","item":"https:\/\/catsnatation.re\/boutiquenatation\/"},{"@type":"ListItem","position":2,"name":"Boutique","item":"https:\/\/catsnatation.re\/boutiquenatation\/boutique\/"},{"@type":"ListItem","position":3,"name":"Aquaforme"}]},{"@type":"WebSite","@id":"https:\/\/catsnatation.re\/boutiquenatation\/#website","url":"https:\/\/catsnatation.re\/boutiquenatation\/","name":"Boutique natation du club CATS","description":"","publisher":{"@id":"https:\/\/catsnatation.re\/boutiquenatation\/#organization"},"potentialAction":[{"@type":"SearchAction","target":{"@type":"EntryPoint","urlTemplate":"https:\/\/catsnatation.re\/boutiquenatation\/?s={search_term_string}"},"query-input":{"@type":"PropertyValueSpecification","valueRequired":true,"valueName":"search_term_string"}}],"inLanguage":"fr-FR"},{"@type":"Organization","@id":"https:\/\/catsnatation.re\/boutiquenatation\/#organization","name":"Cercle Aquatique de Terre Sainte Boutique","url":"https:\/\/catsnatation.re\/boutiquenatation\/","logo":{"@type":"ImageObject","inLanguage":"fr-FR","@id":"https:\/\/catsnatation.re\/boutiquenatation\/#\/schema\/logo\/image\/","url":"https:\/\/catsnatation.re\/boutiquenatation\/wp-content\/uploads\/2024\/12\/Flavicon-CATS-Shop.webp","contentUrl":"https:\/\/catsnatation.re\/boutiquenatation\/wp-content\/uploads\/2024\/12\/Flavicon-CATS-Shop.webp","width":300,"height":300,"caption":"Cercle Aquatique de Terre Sainte Boutique"},"image":{"@id":"https:\/\/catsnatation.re\/boutiquenatation\/#\/schema\/logo\/image\/"},"sameAs":["https:\/\/www.facebook.com\/catsnatation97410\/"]}]}},"_links":{"self":[{"href":"https:\/\/catsnatation.re\/boutiquenatation\/wp-json\/wp\/v2\/product\/659","targetHints":{"allow":["GET"]}}],"collection":[{"href":"https:\/\/catsnatation.re\/boutiquenatation\/wp-json\/wp\/v2\/product"}],"about":[{"href":"https:\/\/catsnatation.re\/boutiquenatation\/wp-json\/wp\/v2\/types\/product"}],"wp:featuredmedia":[{"embeddable":true,"href":"https:\/\/catsnatation.re\/boutiquenatation\/wp-json\/wp\/v2\/media\/664"}],"wp:attachment":[{"href":"https:\/\/catsnatation.re\/boutiquenatation\/wp-json\/wp\/v2\/media?parent=659"}],"wp:term":[{"taxonomy":"product_brand","embeddable":true,"href":"https:\/\/catsnatation.re\/boutiquenatation\/wp-json\/wp\/v2\/product_brand?post=659"},{"taxonomy":"product_cat","embeddable":true,"href":"https:\/\/catsnatation.re\/boutiquenatation\/wp-json\/wp\/v2\/product_cat?post=659"},{"taxonomy":"product_tag","embeddable":true,"href":"https:\/\/catsnatation.re\/boutiquenatation\/wp-json\/wp\/v2\/product_tag?post=659"}],"curies":[{"name":"wp","href":"https:\/\/api.w.org\/{rel}","templated":true}]}}