{"id":8,"date":"2025-02-11T08:12:51","date_gmt":"2025-02-11T08:12:51","guid":{"rendered":"https:\/\/catsnatation.re\/gallerieclubcatsnatation\/?page_id=8"},"modified":"2026-04-05T23:49:14","modified_gmt":"2026-04-05T19:49:14","slug":"toutes-les-galeries-du-club-cats-natation","status":"publish","type":"page","link":"https:\/\/catsnatation.re\/gallerieclubcatsnatation\/","title":{"rendered":"Toutes les galeries photos du Club CATS natation"},"content":{"rendered":"\n<div class=\"wp-block-group is-nowrap is-layout-flex wp-container-core-group-is-layout-6c531013 wp-block-group-is-layout-flex\">\n<figure class=\"wp-block-image aligncenter size-full is-resized\"><img loading=\"lazy\" decoding=\"async\" width=\"400\" height=\"400\" src=\"https:\/\/catsnatation.re\/gallerieclubcatsnatation\/wp-content\/uploads\/2025\/02\/Galerie-photos-cats-natation.webp\" alt=\"\" class=\"wp-image-47\" style=\"width:254px;height:auto\" srcset=\"https:\/\/catsnatation.re\/gallerieclubcatsnatation\/wp-content\/uploads\/2025\/02\/Galerie-photos-cats-natation.webp 400w, https:\/\/catsnatation.re\/gallerieclubcatsnatation\/wp-content\/uploads\/2025\/02\/Galerie-photos-cats-natation-300x300.webp 300w, https:\/\/catsnatation.re\/gallerieclubcatsnatation\/wp-content\/uploads\/2025\/02\/Galerie-photos-cats-natation-150x150.webp 150w\" sizes=\"auto, (max-width: 400px) 100vw, 400px\" \/><\/figure>\n<\/div>\n\n\n<div class=\"pby-container\"><h2 class=\"pby-year-title\">2026<\/h2><table class=\"pby-table\"><thead><tr><th>Date<\/th><th>Titre de la page<\/th><th>Lien<\/th><\/tr><\/thead><tbody><tr><td data-label=\"Date\">5 avril 2026<\/td><td data-label=\"Titre\">Match #3 U11 Zone Sud &#8211; 25 m<\/td><td data-label=\"Lien\"><a href=\"https:\/\/catsnatation.re\/gallerieclubcatsnatation\/toutes-les-galeries-du-club-cats-natation\/match-3-u11-zone-sud-25-m\/\" class=\"pby-btn\">Voir la page<\/a><\/td><\/tr><tr><td data-label=\"Date\">24 mars 2026<\/td><td data-label=\"Titre\">Championnat R\u00e9union 974 Et\u00e9 2026<\/td><td data-label=\"Lien\"><a href=\"https:\/\/catsnatation.re\/gallerieclubcatsnatation\/toutes-les-galeries-du-club-cats-natation\/championnat-reunion-974-ete-2026\/\" class=\"pby-btn\">Voir la page<\/a><\/td><\/tr><tr><td data-label=\"Date\">23 mars 2026<\/td><td data-label=\"Titre\">Championnats de la R\u00e9union \u00c9t\u00e9 &#8211; 50 m<\/td><td data-label=\"Lien\"><a href=\"https:\/\/catsnatation.re\/gallerieclubcatsnatation\/toutes-les-galeries-du-club-cats-natation\/championnats-de-la-reunion-ete-50-m\/\" class=\"pby-btn\">Voir la page<\/a><\/td><\/tr><tr><td data-label=\"Date\">9 mars 2026<\/td><td data-label=\"Titre\">Meeting du SSN<\/td><td data-label=\"Lien\"><a href=\"https:\/\/catsnatation.re\/gallerieclubcatsnatation\/toutes-les-galeries-du-club-cats-natation\/ssn-saint-philippe-180326\/\" class=\"pby-btn\">Voir la page<\/a><\/td><\/tr><tr><td data-label=\"Date\">8 f\u00e9vrier 2026<\/td><td data-label=\"Titre\">Match #2 U12 + Zone Sud &#8211; 25 m<\/td><td data-label=\"Lien\"><a href=\"https:\/\/catsnatation.re\/gallerieclubcatsnatation\/toutes-les-galeries-du-club-cats-natation\/match-u12-fev2026\/\" class=\"pby-btn\">Voir la page<\/a><\/td><\/tr><tr><td data-label=\"Date\">1 f\u00e9vrier 2026<\/td><td data-label=\"Titre\">Meeting de Qualification #1 (MQ1) &#8211; 50 m 2026<\/td><td data-label=\"Lien\"><a href=\"https:\/\/catsnatation.re\/gallerieclubcatsnatation\/toutes-les-galeries-du-club-cats-natation\/meeting-de-qualification-1-mq1-50-m\/\" class=\"pby-btn\">Voir la page<\/a><\/td><\/tr><\/tbody><\/table><h2 class=\"pby-year-title\">2025<\/h2><table class=\"pby-table\"><thead><tr><th>Date<\/th><th>Titre de la page<\/th><th>Lien<\/th><\/tr><\/thead><tbody><tr><td data-label=\"Date\">22 D\u00e9cembre 2025<\/td><td data-label=\"Titre\">CNSJ Meeting No\u00ebl 2025<\/td><td data-label=\"Lien\"><a href=\"https:\/\/catsnatation.re\/gallerieclubcatsnatation\/toutes-les-galeries-du-club-cats-natation\/cnsj-meeting-noel-2025\/\" class=\"pby-btn\">Voir la page<\/a><\/td><\/tr><tr><td data-label=\"Date\">9 D\u00e9cembre 2025<\/td><td data-label=\"Titre\">Interclubs Avenirs piscine de Terre Sainte CATS 7 dec 2025<\/td><td data-label=\"Lien\"><a href=\"https:\/\/catsnatation.re\/gallerieclubcatsnatation\/toutes-les-galeries-du-club-cats-natation\/interclubs-avenirs-piscine-de-terre-sainte-cats-7-dec-2025\/\" class=\"pby-btn\">Voir la page<\/a><\/td><\/tr><tr><td data-label=\"Date\">23 novembre 2025<\/td><td data-label=\"Titre\">Championat de la R\u00e9union nov 2025<\/td><td data-label=\"Lien\"><a href=\"https:\/\/catsnatation.re\/gallerieclubcatsnatation\/toutes-les-galeries-du-club-cats-natation\/championat-de-la-reunion-nov-2025\/\" class=\"pby-btn\">Voir la page<\/a><\/td><\/tr><tr><td data-label=\"Date\">11 novembre 2025<\/td><td data-label=\"Titre\">Interclub TC Piscine Plateau Caillou 9 11 2025<\/td><td data-label=\"Lien\"><a href=\"https:\/\/catsnatation.re\/gallerieclubcatsnatation\/toutes-les-galeries-du-club-cats-natation\/interclub-11-2025\/\" class=\"pby-btn\">Voir la page<\/a><\/td><\/tr><tr><td data-label=\"Date\">19 octobre 2025<\/td><td data-label=\"Titre\">Match 1 CATS 12_10_2025<\/td><td data-label=\"Lien\"><a href=\"https:\/\/catsnatation.re\/gallerieclubcatsnatation\/toutes-les-galeries-du-club-cats-natation\/match-1-cats-12_10_2025\/\" class=\"pby-btn\">Voir la page<\/a><\/td><\/tr><tr><td data-label=\"Date\">29 septembre 2025<\/td><td data-label=\"Titre\">1er meeting CNP septembre 2025<\/td><td data-label=\"Lien\"><a href=\"https:\/\/catsnatation.re\/gallerieclubcatsnatation\/toutes-les-galeries-du-club-cats-natation\/saison-2025-2026\/\" class=\"pby-btn\">Voir la page<\/a><\/td><\/tr><tr><td data-label=\"Date\">26 juin 2025<\/td><td data-label=\"Titre\">F\u00eate du Club CATS natation 2025<\/td><td data-label=\"Lien\"><a href=\"https:\/\/catsnatation.re\/gallerieclubcatsnatation\/toutes-les-galeries-du-club-cats-natation\/photos-fete-cats-natation-2025\/\" class=\"pby-btn\">Voir la page<\/a><\/td><\/tr><tr><td data-label=\"Date\">15 juin 2025<\/td><td data-label=\"Titre\">Meeting Avenirs CNSP &#8211; 25 m<\/td><td data-label=\"Lien\"><a href=\"https:\/\/catsnatation.re\/gallerieclubcatsnatation\/toutes-les-galeries-du-club-cats-natation\/meeting-avenirs-cnsp-2025\/\" class=\"pby-btn\">Voir la page<\/a><\/td><\/tr><tr><td data-label=\"Date\">10 juin 2025<\/td><td data-label=\"Titre\">Championnat r\u00e9gional Interclubs Benjamins &#8211; St Joseph 08 06 2025<\/td><td data-label=\"Lien\"><a href=\"https:\/\/catsnatation.re\/gallerieclubcatsnatation\/toutes-les-galeries-du-club-cats-natation\/championnat-regional-interclubs-benjamins-cnsj\/\" class=\"pby-btn\">Voir la page<\/a><\/td><\/tr><tr><td data-label=\"Date\">1 juin 2025<\/td><td data-label=\"Titre\">SAINT-DENIS (La R\u00e9union) Meeting R\u00e9gional Labellis\u00e9 3 &#8211; 50 m Du Samedi 31 Mai au Dimanche 1er Juin 2025<\/td><td data-label=\"Lien\"><a href=\"https:\/\/catsnatation.re\/gallerieclubcatsnatation\/toutes-les-galeries-du-club-cats-natation\/meeting-regional-labellise-3-2025-nsdr\/\" class=\"pby-btn\">Voir la page<\/a><\/td><\/tr><tr><td data-label=\"Date\">25 mai 2025<\/td><td data-label=\"Titre\">Match 2 Avenirs &#8211; Zone SUD &#8211; 25 m CNSL Le Samedi 24 Mai 2025<\/td><td data-label=\"Lien\"><a href=\"https:\/\/catsnatation.re\/gallerieclubcatsnatation\/toutes-les-galeries-du-club-cats-natation\/match-2-avenirs-zone-sud-25-m-cnsl-le-samedi-24-mai-2025\/\" class=\"pby-btn\">Voir la page<\/a><\/td><\/tr><tr><td data-label=\"Date\">18 mai 2025<\/td><td data-label=\"Titre\">Ap\u00e9ro de fin de stage mai 2025<\/td><td data-label=\"Lien\"><a href=\"https:\/\/catsnatation.re\/gallerieclubcatsnatation\/toutes-les-galeries-du-club-cats-natation\/apero-fin-stage-mai-2025\/\" class=\"pby-btn\">Voir la page<\/a><\/td><\/tr><tr><td data-label=\"Date\">3 mai 2025<\/td><td data-label=\"Titre\">Match 4 Avenirs &#8211; Zone SUD &#8211; 25 m CNSL<\/td><td data-label=\"Lien\"><a href=\"https:\/\/catsnatation.re\/gallerieclubcatsnatation\/toutes-les-galeries-du-club-cats-natation\/match-4-avenir-cnsl\/\" class=\"pby-btn\">Voir la page<\/a><\/td><\/tr><tr><td data-label=\"Date\">5 avril 2025<\/td><td data-label=\"Titre\">Match 3 Avenirs &#8211; Zone SUD &#8211; 25 m Le Samedi 5 Avril 2025<\/td><td data-label=\"Lien\"><a href=\"https:\/\/catsnatation.re\/gallerieclubcatsnatation\/toutes-les-galeries-du-club-cats-natation\/match-3-avenirs-zone-sud-25-m-le-samedi-5-avril-2025\/\" class=\"pby-btn\">Voir la page<\/a><\/td><\/tr><tr><td data-label=\"Date\">29 mars 2025<\/td><td data-label=\"Titre\">Meeting R\u00e9gional Labellis\u00e9 2 &#8211; 50 m Le Port<\/td><td data-label=\"Lien\"><a href=\"https:\/\/catsnatation.re\/gallerieclubcatsnatation\/toutes-les-galeries-du-club-cats-natation\/meeting-regional-labellise2-port\/\" class=\"pby-btn\">Voir la page<\/a><\/td><\/tr><tr><td data-label=\"Date\">27 mars 2025<\/td><td data-label=\"Titre\">Challenge des Ma\u00eetres 1 &#8211; 25 m Le Dimanche 23 Mars 2025 CNSP<\/td><td data-label=\"Lien\"><a href=\"https:\/\/catsnatation.re\/gallerieclubcatsnatation\/toutes-les-galeries-du-club-cats-natation\/challenge-maitre-cnsp-23-03-2025\/\" class=\"pby-btn\">Voir la page<\/a><\/td><\/tr><tr><td data-label=\"Date\">7 mars 2025<\/td><td data-label=\"Titre\">Stage vacances mars 2025<\/td><td data-label=\"Lien\"><a href=\"https:\/\/catsnatation.re\/gallerieclubcatsnatation\/toutes-les-galeries-du-club-cats-natation\/stage-vacances-mars-2025\/\" class=\"pby-btn\">Voir la page<\/a><\/td><\/tr><tr><td data-label=\"Date\">22 f\u00e9vrier 2025<\/td><td data-label=\"Titre\">Championnats de la R\u00e9union &#8211; Webconfrontation promotionnelle &#8211; 50 m<\/td><td data-label=\"Lien\"><a href=\"https:\/\/catsnatation.re\/gallerieclubcatsnatation\/toutes-les-galeries-du-club-cats-natation\/championnats-webconfrontation-2025\/\" class=\"pby-btn\">Voir la page<\/a><\/td><\/tr><tr><td data-label=\"Date\">15 f\u00e9vrier 2025<\/td><td data-label=\"Titre\">Meeting de l&rsquo;Oc\u00e9an Indien &#8211; 50 m Du 20 au 22_122024<\/td><td data-label=\"Lien\"><a href=\"https:\/\/catsnatation.re\/gallerieclubcatsnatation\/toutes-les-galeries-du-club-cats-natation\/meeting-ocean-indien-2024-leon-marchand\/\" class=\"pby-btn\">Voir la page<\/a><\/td><\/tr><tr><td data-label=\"Date\">13 f\u00e9vrier 2025<\/td><td data-label=\"Titre\">CNSJ Championnat R\u00e9gional Interclubs Avenirs &#8211; 25 m Le Samedi 7 D\u00e9cembre 2024<\/td><td data-label=\"Lien\"><a href=\"https:\/\/catsnatation.re\/gallerieclubcatsnatation\/toutes-les-galeries-du-club-cats-natation\/cnsj-championnat-regional-interclubs-avenirs-7-12-2024\/\" class=\"pby-btn\">Voir la page<\/a><\/td><\/tr><tr><td data-label=\"Date\">13 f\u00e9vrier 2025<\/td><td data-label=\"Titre\">Meeting National de ASEC natation Saint-Paul La R\u00e9union &#8211; 25 m Du 8 au 10_11_2024<\/td><td data-label=\"Lien\"><a href=\"https:\/\/catsnatation.re\/gallerieclubcatsnatation\/toutes-les-galeries-du-club-cats-natation\/meeting-asec-natation2024\/\" class=\"pby-btn\">Voir la page<\/a><\/td><\/tr><tr><td data-label=\"Date\">12 f\u00e9vrier 2025<\/td><td data-label=\"Titre\">Championnats Et\u00e9 Avenirs SSN Saint Philippe natation &#8211; 25 m 27_10_2024<\/td><td data-label=\"Lien\"><a href=\"https:\/\/catsnatation.re\/gallerieclubcatsnatation\/toutes-les-galeries-du-club-cats-natation\/championnats-ete-avenirs-ssn-saint-philippe-25-m-27_10_2024\/\" class=\"pby-btn\">Voir la page<\/a><\/td><\/tr><tr><td data-label=\"Date\">12 f\u00e9vrier 2025<\/td><td data-label=\"Titre\">Matchs 5 Avenirs CNSL natation &#8211; 25 m 28_09_2024<\/td><td data-label=\"Lien\"><a href=\"https:\/\/catsnatation.re\/gallerieclubcatsnatation\/toutes-les-galeries-du-club-cats-natation\/cnsl-match5-28-09-2024\/\" class=\"pby-btn\">Voir la page<\/a><\/td><\/tr><tr><td data-label=\"Date\">11 f\u00e9vrier 2025<\/td><td data-label=\"Titre\">Match 1 &#8211; Benjamins\/Juniors\/S\u00e9niors &#8211; 25 m &#8211; Piscine 3 Mares CNT natation 08\/02\/2025<\/td><td data-label=\"Lien\"><a href=\"https:\/\/catsnatation.re\/gallerieclubcatsnatation\/toutes-les-galeries-du-club-cats-natation\/match-1-benjamins-juniors-seniors-25-m-piscine-3-mares-cnt-08-02-2025\/\" class=\"pby-btn\">Voir la page<\/a><\/td><\/tr><tr><td data-label=\"Date\">11 f\u00e9vrier 2025<\/td><td data-label=\"Titre\">Match1 Horizons Avenirs chez les CATS natation 01_02_2025<\/td><td data-label=\"Lien\"><a href=\"https:\/\/catsnatation.re\/gallerieclubcatsnatation\/toutes-les-galeries-du-club-cats-natation\/match1-horizons-benjamins-chez-les-cats\/\" class=\"pby-btn\">Voir la page<\/a><\/td><\/tr><tr><td data-label=\"Date\">11 f\u00e9vrier 2025<\/td><td data-label=\"Titre\">Toutes les galeries photos du Club CATS natation<\/td><td data-label=\"Lien\"><a href=\"https:\/\/catsnatation.re\/gallerieclubcatsnatation\/\" class=\"pby-btn\">Voir la page<\/a><\/td><\/tr><\/tbody><\/table><\/div>\n\n\n\n<p><\/p>\n","protected":false},"excerpt":{"rendered":"","protected":false},"author":1,"featured_media":47,"parent":0,"menu_order":0,"comment_status":"closed","ping_status":"closed","template":"","meta":{"site-sidebar-layout":"default","site-content-layout":"","ast-site-content-layout":"","site-content-style":"default","site-sidebar-style":"default","ast-global-header-display":"","ast-banner-title-visibility":"","ast-main-header-display":"","ast-hfb-above-header-display":"","ast-hfb-below-header-display":"","ast-hfb-mobile-header-display":"","site-post-title":"","ast-breadcrumbs-content":"","ast-featured-img":"disabled","footer-sml-layout":"","ast-disable-related-posts":"","theme-transparent-header-meta":"","adv-header-id-meta":"","stick-header-meta":"","header-above-stick-meta":"","header-main-stick-meta":"","header-below-stick-meta":"","astra-migrate-meta-layouts":"default","ast-page-background-enabled":"default","ast-page-background-meta":{"desktop":{"background-color":"var(--ast-global-color-5)","background-image":"","background-repeat":"repeat","background-position":"center center","background-size":"auto","background-attachment":"scroll","background-type":"","background-media":"","overlay-type":"","overlay-color":"","overlay-opacity":"","overlay-gradient":""},"tablet":{"background-color":"","background-image":"","background-repeat":"repeat","background-position":"center center","background-size":"auto","background-attachment":"scroll","background-type":"","background-media":"","overlay-type":"","overlay-color":"","overlay-opacity":"","overlay-gradient":""},"mobile":{"background-color":"","background-image":"","background-repeat":"repeat","background-position":"center center","background-size":"auto","background-attachment":"scroll","background-type":"","background-media":"","overlay-type":"","overlay-color":"","overlay-opacity":"","overlay-gradient":""}},"ast-content-background-meta":{"desktop":{"background-color":"var(--ast-global-color-4)","background-image":"","background-repeat":"repeat","background-position":"center center","background-size":"auto","background-attachment":"scroll","background-type":"","background-media":"","overlay-type":"","overlay-color":"","overlay-opacity":"","overlay-gradient":""},"tablet":{"background-color":"var(--ast-global-color-4)","background-image":"","background-repeat":"repeat","background-position":"center center","background-size":"auto","background-attachment":"scroll","background-type":"","background-media":"","overlay-type":"","overlay-color":"","overlay-opacity":"","overlay-gradient":""},"mobile":{"background-color":"var(--ast-global-color-4)","background-image":"","background-repeat":"repeat","background-position":"center center","background-size":"auto","background-attachment":"scroll","background-type":"","background-media":"","overlay-type":"","overlay-color":"","overlay-opacity":"","overlay-gradient":""}},"footnotes":""},"class_list":["post-8","page","type-page","status-publish","has-post-thumbnail","hentry"],"yoast_head":"<!-- This site is optimized with the Yoast SEO plugin v27.4 - https:\/\/yoast.com\/product\/yoast-seo-wordpress\/ -->\n<title>Toutes les galeries photos - Club CATS natation<\/title>\n<meta name=\"description\" content=\"D\u00e9couvrez les galeries photos des comp\u00e9titions et autres du CATS Natation performance esprit d&#039;\u00e9quipe passion pour la natation.\" \/>\n<meta name=\"robots\" content=\"index, follow, max-snippet:-1, max-image-preview:large, max-video-preview:-1\" \/>\n<link rel=\"canonical\" href=\"https:\/\/catsnatation.re\/gallerieclubcatsnatation\/\" \/>\n<meta property=\"og:locale\" content=\"fr_CA\" \/>\n<meta property=\"og:type\" content=\"article\" \/>\n<meta property=\"og:title\" content=\"Toutes les galeries photos - Club CATS natation\" \/>\n<meta property=\"og:description\" content=\"D\u00e9couvrez les galeries photos des comp\u00e9titions et autres du CATS Natation performance esprit d&#039;\u00e9quipe passion pour la natation.\" \/>\n<meta property=\"og:url\" content=\"https:\/\/catsnatation.re\/gallerieclubcatsnatation\/\" \/>\n<meta property=\"og:site_name\" content=\"Galerie club CATS natation\" \/>\n<meta property=\"article:modified_time\" content=\"2026-04-05T19:49:14+00:00\" \/>\n<meta property=\"og:image\" content=\"https:\/\/catsnatation.re\/gallerieclubcatsnatation\/wp-content\/uploads\/2025\/02\/Galerie-photos-cats-natation.webp\" \/>\n\t<meta property=\"og:image:width\" content=\"400\" \/>\n\t<meta property=\"og:image:height\" content=\"400\" \/>\n\t<meta property=\"og:image:type\" content=\"image\/webp\" \/>\n<meta name=\"twitter:card\" content=\"summary_large_image\" \/>\n<meta name=\"twitter:label1\" content=\"Estimation du temps de lecture\" \/>\n\t<meta name=\"twitter:data1\" content=\"1 minute\" \/>\n<script type=\"application\/ld+json\" class=\"yoast-schema-graph\">{\"@context\":\"https:\\\/\\\/schema.org\",\"@graph\":[{\"@type\":\"WebPage\",\"@id\":\"https:\\\/\\\/catsnatation.re\\\/gallerieclubcatsnatation\\\/\",\"url\":\"https:\\\/\\\/catsnatation.re\\\/gallerieclubcatsnatation\\\/\",\"name\":\"Toutes les galeries photos - Club CATS natation\",\"isPartOf\":{\"@id\":\"https:\\\/\\\/catsnatation.re\\\/gallerieclubcatsnatation\\\/#website\"},\"primaryImageOfPage\":{\"@id\":\"https:\\\/\\\/catsnatation.re\\\/gallerieclubcatsnatation\\\/#primaryimage\"},\"image\":{\"@id\":\"https:\\\/\\\/catsnatation.re\\\/gallerieclubcatsnatation\\\/#primaryimage\"},\"thumbnailUrl\":\"https:\\\/\\\/catsnatation.re\\\/gallerieclubcatsnatation\\\/wp-content\\\/uploads\\\/2025\\\/02\\\/Galerie-photos-cats-natation.webp\",\"datePublished\":\"2025-02-11T08:12:51+00:00\",\"dateModified\":\"2026-04-05T19:49:14+00:00\",\"description\":\"D\u00e9couvrez les galeries photos des comp\u00e9titions et autres du CATS Natation performance esprit d'\u00e9quipe passion pour la natation.\",\"breadcrumb\":{\"@id\":\"https:\\\/\\\/catsnatation.re\\\/gallerieclubcatsnatation\\\/#breadcrumb\"},\"inLanguage\":\"fr-CA\",\"potentialAction\":[{\"@type\":\"ReadAction\",\"target\":[\"https:\\\/\\\/catsnatation.re\\\/gallerieclubcatsnatation\\\/\"]}]},{\"@type\":\"ImageObject\",\"inLanguage\":\"fr-CA\",\"@id\":\"https:\\\/\\\/catsnatation.re\\\/gallerieclubcatsnatation\\\/#primaryimage\",\"url\":\"https:\\\/\\\/catsnatation.re\\\/gallerieclubcatsnatation\\\/wp-content\\\/uploads\\\/2025\\\/02\\\/Galerie-photos-cats-natation.webp\",\"contentUrl\":\"https:\\\/\\\/catsnatation.re\\\/gallerieclubcatsnatation\\\/wp-content\\\/uploads\\\/2025\\\/02\\\/Galerie-photos-cats-natation.webp\",\"width\":400,\"height\":400,\"caption\":\"galerie de photos cats natation\"},{\"@type\":\"BreadcrumbList\",\"@id\":\"https:\\\/\\\/catsnatation.re\\\/gallerieclubcatsnatation\\\/#breadcrumb\",\"itemListElement\":[{\"@type\":\"ListItem\",\"position\":1,\"name\":\"Home\",\"item\":\"https:\\\/\\\/catsnatation.re\\\/gallerieclubcatsnatation\\\/\"},{\"@type\":\"ListItem\",\"position\":2,\"name\":\"Toutes les galeries photos du Club CATS natation\"}]},{\"@type\":\"WebSite\",\"@id\":\"https:\\\/\\\/catsnatation.re\\\/gallerieclubcatsnatation\\\/#website\",\"url\":\"https:\\\/\\\/catsnatation.re\\\/gallerieclubcatsnatation\\\/\",\"name\":\"Galerie club CATS natation\",\"description\":\"\",\"publisher\":{\"@id\":\"https:\\\/\\\/catsnatation.re\\\/gallerieclubcatsnatation\\\/#organization\"},\"potentialAction\":[{\"@type\":\"SearchAction\",\"target\":{\"@type\":\"EntryPoint\",\"urlTemplate\":\"https:\\\/\\\/catsnatation.re\\\/gallerieclubcatsnatation\\\/?s={search_term_string}\"},\"query-input\":{\"@type\":\"PropertyValueSpecification\",\"valueRequired\":true,\"valueName\":\"search_term_string\"}}],\"inLanguage\":\"fr-CA\"},{\"@type\":\"Organization\",\"@id\":\"https:\\\/\\\/catsnatation.re\\\/gallerieclubcatsnatation\\\/#organization\",\"name\":\"Galerie club CATS natation\",\"url\":\"https:\\\/\\\/catsnatation.re\\\/gallerieclubcatsnatation\\\/\",\"logo\":{\"@type\":\"ImageObject\",\"inLanguage\":\"fr-CA\",\"@id\":\"https:\\\/\\\/catsnatation.re\\\/gallerieclubcatsnatation\\\/#\\\/schema\\\/logo\\\/image\\\/\",\"url\":\"https:\\\/\\\/catsnatation.re\\\/gallerieclubcatsnatation\\\/wp-content\\\/uploads\\\/2025\\\/02\\\/Logo-officiel-CATS-1.png\",\"contentUrl\":\"https:\\\/\\\/catsnatation.re\\\/gallerieclubcatsnatation\\\/wp-content\\\/uploads\\\/2025\\\/02\\\/Logo-officiel-CATS-1.png\",\"width\":326,\"height\":328,\"caption\":\"Galerie club CATS natation\"},\"image\":{\"@id\":\"https:\\\/\\\/catsnatation.re\\\/gallerieclubcatsnatation\\\/#\\\/schema\\\/logo\\\/image\\\/\"}}]}<\/script>\n<!-- \/ Yoast SEO plugin. -->","yoast_head_json":{"title":"Toutes les galeries photos - Club CATS natation","description":"D\u00e9couvrez les galeries photos des comp\u00e9titions et autres du CATS Natation performance esprit d'\u00e9quipe passion pour la natation.","robots":{"index":"index","follow":"follow","max-snippet":"max-snippet:-1","max-image-preview":"max-image-preview:large","max-video-preview":"max-video-preview:-1"},"canonical":"https:\/\/catsnatation.re\/gallerieclubcatsnatation\/","og_locale":"fr_CA","og_type":"article","og_title":"Toutes les galeries photos - Club CATS natation","og_description":"D\u00e9couvrez les galeries photos des comp\u00e9titions et autres du CATS Natation performance esprit d'\u00e9quipe passion pour la natation.","og_url":"https:\/\/catsnatation.re\/gallerieclubcatsnatation\/","og_site_name":"Galerie club CATS natation","article_modified_time":"2026-04-05T19:49:14+00:00","og_image":[{"width":400,"height":400,"url":"https:\/\/catsnatation.re\/gallerieclubcatsnatation\/wp-content\/uploads\/2025\/02\/Galerie-photos-cats-natation.webp","type":"image\/webp"}],"twitter_card":"summary_large_image","twitter_misc":{"Estimation du temps de lecture":"1 minute"},"schema":{"@context":"https:\/\/schema.org","@graph":[{"@type":"WebPage","@id":"https:\/\/catsnatation.re\/gallerieclubcatsnatation\/","url":"https:\/\/catsnatation.re\/gallerieclubcatsnatation\/","name":"Toutes les galeries photos - Club CATS natation","isPartOf":{"@id":"https:\/\/catsnatation.re\/gallerieclubcatsnatation\/#website"},"primaryImageOfPage":{"@id":"https:\/\/catsnatation.re\/gallerieclubcatsnatation\/#primaryimage"},"image":{"@id":"https:\/\/catsnatation.re\/gallerieclubcatsnatation\/#primaryimage"},"thumbnailUrl":"https:\/\/catsnatation.re\/gallerieclubcatsnatation\/wp-content\/uploads\/2025\/02\/Galerie-photos-cats-natation.webp","datePublished":"2025-02-11T08:12:51+00:00","dateModified":"2026-04-05T19:49:14+00:00","description":"D\u00e9couvrez les galeries photos des comp\u00e9titions et autres du CATS Natation performance esprit d'\u00e9quipe passion pour la natation.","breadcrumb":{"@id":"https:\/\/catsnatation.re\/gallerieclubcatsnatation\/#breadcrumb"},"inLanguage":"fr-CA","potentialAction":[{"@type":"ReadAction","target":["https:\/\/catsnatation.re\/gallerieclubcatsnatation\/"]}]},{"@type":"ImageObject","inLanguage":"fr-CA","@id":"https:\/\/catsnatation.re\/gallerieclubcatsnatation\/#primaryimage","url":"https:\/\/catsnatation.re\/gallerieclubcatsnatation\/wp-content\/uploads\/2025\/02\/Galerie-photos-cats-natation.webp","contentUrl":"https:\/\/catsnatation.re\/gallerieclubcatsnatation\/wp-content\/uploads\/2025\/02\/Galerie-photos-cats-natation.webp","width":400,"height":400,"caption":"galerie de photos cats natation"},{"@type":"BreadcrumbList","@id":"https:\/\/catsnatation.re\/gallerieclubcatsnatation\/#breadcrumb","itemListElement":[{"@type":"ListItem","position":1,"name":"Home","item":"https:\/\/catsnatation.re\/gallerieclubcatsnatation\/"},{"@type":"ListItem","position":2,"name":"Toutes les galeries photos du Club CATS natation"}]},{"@type":"WebSite","@id":"https:\/\/catsnatation.re\/gallerieclubcatsnatation\/#website","url":"https:\/\/catsnatation.re\/gallerieclubcatsnatation\/","name":"Galerie club CATS natation","description":"","publisher":{"@id":"https:\/\/catsnatation.re\/gallerieclubcatsnatation\/#organization"},"potentialAction":[{"@type":"SearchAction","target":{"@type":"EntryPoint","urlTemplate":"https:\/\/catsnatation.re\/gallerieclubcatsnatation\/?s={search_term_string}"},"query-input":{"@type":"PropertyValueSpecification","valueRequired":true,"valueName":"search_term_string"}}],"inLanguage":"fr-CA"},{"@type":"Organization","@id":"https:\/\/catsnatation.re\/gallerieclubcatsnatation\/#organization","name":"Galerie club CATS natation","url":"https:\/\/catsnatation.re\/gallerieclubcatsnatation\/","logo":{"@type":"ImageObject","inLanguage":"fr-CA","@id":"https:\/\/catsnatation.re\/gallerieclubcatsnatation\/#\/schema\/logo\/image\/","url":"https:\/\/catsnatation.re\/gallerieclubcatsnatation\/wp-content\/uploads\/2025\/02\/Logo-officiel-CATS-1.png","contentUrl":"https:\/\/catsnatation.re\/gallerieclubcatsnatation\/wp-content\/uploads\/2025\/02\/Logo-officiel-CATS-1.png","width":326,"height":328,"caption":"Galerie club CATS natation"},"image":{"@id":"https:\/\/catsnatation.re\/gallerieclubcatsnatation\/#\/schema\/logo\/image\/"}}]}},"_links":{"self":[{"href":"https:\/\/catsnatation.re\/gallerieclubcatsnatation\/wp-json\/wp\/v2\/pages\/8","targetHints":{"allow":["GET"]}}],"collection":[{"href":"https:\/\/catsnatation.re\/gallerieclubcatsnatation\/wp-json\/wp\/v2\/pages"}],"about":[{"href":"https:\/\/catsnatation.re\/gallerieclubcatsnatation\/wp-json\/wp\/v2\/types\/page"}],"author":[{"embeddable":true,"href":"https:\/\/catsnatation.re\/gallerieclubcatsnatation\/wp-json\/wp\/v2\/users\/1"}],"replies":[{"embeddable":true,"href":"https:\/\/catsnatation.re\/gallerieclubcatsnatation\/wp-json\/wp\/v2\/comments?post=8"}],"version-history":[{"count":1,"href":"https:\/\/catsnatation.re\/gallerieclubcatsnatation\/wp-json\/wp\/v2\/pages\/8\/revisions"}],"predecessor-version":[{"id":271,"href":"https:\/\/catsnatation.re\/gallerieclubcatsnatation\/wp-json\/wp\/v2\/pages\/8\/revisions\/271"}],"wp:featuredmedia":[{"embeddable":true,"href":"https:\/\/catsnatation.re\/gallerieclubcatsnatation\/wp-json\/wp\/v2\/media\/47"}],"wp:attachment":[{"href":"https:\/\/catsnatation.re\/gallerieclubcatsnatation\/wp-json\/wp\/v2\/media?parent=8"}],"curies":[{"name":"wp","href":"https:\/\/api.w.org\/{rel}","templated":true}]}}